{"id":997,"date":"2025-04-20T09:47:25","date_gmt":"2025-04-20T09:47:25","guid":{"rendered":"https:\/\/prettytrendshop.com\/?post_type=product&#038;p=997"},"modified":"2025-04-28T16:28:55","modified_gmt":"2025-04-28T16:28:55","slug":"spray-solaire","status":"publish","type":"product","link":"https:\/\/prettytrendshop.com\/index.php\/produit\/spray-solaire\/","title":{"rendered":"SPRAY SOLAIRE  SPF 50"},"content":{"rendered":"<p>&nbsp;<\/p>\n<p>SPRAY SOLAIRE\u00a0 SPF 50\u00a0 <img fetchpriority=\"high\" decoding=\"async\" class=\"size-medium wp-image-908 alignleft\" src=\"https:\/\/prettytrendshop.com\/wp-content\/uploads\/2025\/04\/1743968744243-245x300.jpg\" alt=\"\" width=\"245\" height=\"300\" srcset=\"https:\/\/prettytrendshop.com\/wp-content\/uploads\/2025\/04\/1743968744243-245x300.jpg 245w, https:\/\/prettytrendshop.com\/wp-content\/uploads\/2025\/04\/1743968744243-350x429.jpg 350w, https:\/\/prettytrendshop.com\/wp-content\/uploads\/2025\/04\/1743968744243.jpg 648w\" sizes=\"(max-width: 245px) 100vw, 245px\" \/>UVA + UVB N\u00b0 SOLO2B<br \/>\nFormat: 150 ml<\/p>\n<p>Enrichi en Hamam\u00e9lis, Aloe vera, Panth\u00e9nol et Vitamine E<\/p>\n<p>Le Spray solaire SPF50 Aurodhea offre une protection \u00e9lev\u00e9e contre les rayons UVA et UVB, tout en \u00e9tant enrichi en extraits d&rsquo;hamam\u00e9lis, vitamine E, aloe vera et panth\u00e9nol. Il hydrate, apaise, et prot\u00e8ge la peau contre les coups de soleil, le vieillissement pr\u00e9matur\u00e9, tout en \u00e9tant r\u00e9sistant \u00e0 l&rsquo;eau et facile \u00e0 appliquer gr\u00e2ce \u00e0 sa texture l\u00e9g\u00e8re et fluide.<\/p>\n","protected":false},"excerpt":{"rendered":"<p>&nbsp; SPRAY SOLAIRE\u00a0 SPF 50\u00a0 UVA + UVB N\u00b0 SOLO2B Format: 150 ml Enrichi en Hamam\u00e9lis, Aloe vera, Panth\u00e9nol et Vitamine E Le Spray solaire SPF50 Aurodhea offre une protection \u00e9lev\u00e9e contre les rayons UVA et UVB, tout en \u00e9tant enrichi en extraits d&rsquo;hamam\u00e9lis, vitamine E, aloe vera et panth\u00e9nol. Il hydrate, apaise, et prot\u00e8ge &hellip; <\/p>\n<p class=\"link-more\"><a href=\"https:\/\/prettytrendshop.com\/index.php\/produit\/spray-solaire\/\" class=\"more-link\">Continuer la lecture<span class=\"screen-reader-text\"> de &laquo;&nbsp;SPRAY SOLAIRE  SPF 50&nbsp;&raquo;<\/span><\/a><\/p>\n","protected":false},"featured_media":1002,"comment_status":"open","ping_status":"closed","template":"","meta":[],"product_brand":[],"product_cat":[110],"product_tag":[],"class_list":{"0":"post-997","1":"product","2":"type-product","3":"status-publish","4":"has-post-thumbnail","6":"product_cat-produits-solaires","8":"first","9":"instock","10":"shipping-taxable","11":"purchasable","12":"product-type-simple"},"_links":{"self":[{"href":"https:\/\/prettytrendshop.com\/index.php\/wp-json\/wp\/v2\/product\/997","targetHints":{"allow":["GET"]}}],"collection":[{"href":"https:\/\/prettytrendshop.com\/index.php\/wp-json\/wp\/v2\/product"}],"about":[{"href":"https:\/\/prettytrendshop.com\/index.php\/wp-json\/wp\/v2\/types\/product"}],"replies":[{"embeddable":true,"href":"https:\/\/prettytrendshop.com\/index.php\/wp-json\/wp\/v2\/comments?post=997"}],"wp:featuredmedia":[{"embeddable":true,"href":"https:\/\/prettytrendshop.com\/index.php\/wp-json\/wp\/v2\/media\/1002"}],"wp:attachment":[{"href":"https:\/\/prettytrendshop.com\/index.php\/wp-json\/wp\/v2\/media?parent=997"}],"wp:term":[{"taxonomy":"product_brand","embeddable":true,"href":"https:\/\/prettytrendshop.com\/index.php\/wp-json\/wp\/v2\/product_brand?post=997"},{"taxonomy":"product_cat","embeddable":true,"href":"https:\/\/prettytrendshop.com\/index.php\/wp-json\/wp\/v2\/product_cat?post=997"},{"taxonomy":"product_tag","embeddable":true,"href":"https:\/\/prettytrendshop.com\/index.php\/wp-json\/wp\/v2\/product_tag?post=997"}],"curies":[{"name":"wp","href":"https:\/\/api.w.org\/{rel}","templated":true}]}}