{"id":1363,"date":"2025-06-08T12:53:35","date_gmt":"2025-06-08T12:53:35","guid":{"rendered":"https:\/\/prettytrendshop.com\/?post_type=product&#038;p=1363"},"modified":"2025-06-08T12:53:42","modified_gmt":"2025-06-08T12:53:42","slug":"masque-visage-dermopurifiant-a-largile-verte-et-huile-de-neem","status":"publish","type":"product","link":"https:\/\/prettytrendshop.com\/index.php\/produit\/masque-visage-dermopurifiant-a-largile-verte-et-huile-de-neem\/","title":{"rendered":"MASQUE VISAGE DERMOPURIFIANT \u00c0 L\u2019ARGILE VERTE ET HUILE DE NEEM"},"content":{"rendered":"<p>&nbsp;<\/p>\n<div class=\"page\" data-page-number=\"1\" data-loaded=\"true\">\n<div class=\"textLayer\">Le masque visage Aurodhea \u00e0 l&rsquo;huile de Neem, adapt\u00e9 aux peaux impures, corrige les imperfections et \u00e9claircit le teint. Enrichi en Argile verte, riche en min\u00e9raux et absorbante, il aide \u00e0 normaliser la production de s\u00e9bum. Sa formule \u00e0 l&rsquo;huile de Neem, aux propri\u00e9t\u00e9s antibact\u00e9riennes et anti-inflammatoires, est id\u00e9ale en cas d&rsquo;acn\u00e9, tant pour les peaux s\u00e8ches que pour les peaux grasses.Elle contient des extraits d&rsquo;Ortie, aux propri\u00e9t\u00e9s s\u00e9bor\u00e9gulatrices et r\u00e9\u00e9quilibrantes. Enfin, le beurre de Karit\u00e9 donne de l&rsquo;\u00e9clat \u00e0 lapeau, la prot\u00e8ge des agressions ext\u00e9rieures et la rend \u00e9lastique et tonique.<\/div>\n<div><\/div>\n<div class=\"textLayer\">TEST\u00c9 SOUS CONTROLE DERMATOLOGIQUE<\/div>\n<div><\/div>\n<div class=\"textLayer\">Mode d\u00b4emploi :\u00a0 Appliquer sur la peau s\u00e8che du visage pr\u00e9alablement nettoy\u00e9e \u00e0 l&rsquo;eau ti\u00e8de, en \u00e9vitant le contour des yeux et des l\u00e8vres. Laisser agir pendant environ 10 \u00e0 15 minutes, puis tapoter le visage \u00e0 l&rsquo;aide d&rsquo;une \u00e9ponge humide, \u00e9liminer les r\u00e9sidus et rincer abondamment.<\/div>\n<div class=\"textLayer\">Compl\u00e9tez le nettoyage avec notre Lotion tonique pour peaux d\u00e9licates et sensibles. R\u00e9p\u00e9tez l&rsquo;application 2-3 fois par semaine.<\/div>\n<\/div>\n<div><\/div>\n<div><span style=\"font-size: 1rem;\">Pr\u00e9caution : E<\/span><span style=\"font-size: 1rem;\">n cas de contact avec les yeux, laver imm\u00e9diatement \u00e0 l&rsquo;eau et consulter un m\u00e9decin si n\u00e9cessaire.<\/span><\/div>\n<div class=\"page\" data-page-number=\"1\" data-loaded=\"true\">\n<div>\n<div class=\"page\" data-page-number=\"1\" data-loaded=\"true\">\n<div class=\"textLayer\">Ne pas appliquer sur une peau intacte ou irrit\u00e9e. Peut tacher les tissus.<\/p>\n<div class=\"endOfContent\"><span style=\"font-size: 1rem;\">Eviter le rejet dans l&rsquo;environnement. \u00c9viter les chutes, les chocs et les manipulations incorrectes qui <\/span><span style=\"font-size: 1rem;\">pourraient entra\u00eener un d\u00e9versement du produit. Conserver dans un endroit frais et sec, \u00e0 l&rsquo;\u00e9cart dessources de chaleur.<\/span><\/div>\n<\/div>\n<\/div>\n<\/div>\n<div><\/div>\n<div class=\"textLayer\">Pr\u00e9caution : \u00c9viter le contact direct avec les yeux. Ne pas appliquer sur une peau intacte ou irrit\u00e9e. Peut tacher les tissus.<\/div>\n<div><\/div>\n<div class=\"textLayer\">\n<div class=\"endOfContent\">Format : 50ml<\/div>\n<div><\/div>\n<div>N\u00b0NM09B<\/div>\n<\/div>\n<\/div>\n<div class=\"page\" data-page-number=\"2\" data-loaded=\"true\">\n<div class=\"canvasWrapper\"><\/div>\n<div class=\"textLayer\"><\/div>\n<\/div>\n","protected":false},"excerpt":{"rendered":"<p>&nbsp; Le masque visage Aurodhea \u00e0 l&rsquo;huile de Neem, adapt\u00e9 aux peaux impures, corrige les imperfections et \u00e9claircit le teint. Enrichi en Argile verte, riche en min\u00e9raux et absorbante, il aide \u00e0 normaliser la production de s\u00e9bum. Sa formule \u00e0 l&rsquo;huile de Neem, aux propri\u00e9t\u00e9s antibact\u00e9riennes et anti-inflammatoires, est id\u00e9ale en cas d&rsquo;acn\u00e9, tant pour &hellip; <\/p>\n<p class=\"link-more\"><a href=\"https:\/\/prettytrendshop.com\/index.php\/produit\/masque-visage-dermopurifiant-a-largile-verte-et-huile-de-neem\/\" class=\"more-link\">Continuer la lecture<span class=\"screen-reader-text\"> de &laquo;&nbsp;MASQUE VISAGE DERMOPURIFIANT \u00c0 L\u2019ARGILE VERTE ET HUILE DE NEEM&nbsp;&raquo;<\/span><\/a><\/p>\n","protected":false},"featured_media":1364,"comment_status":"open","ping_status":"closed","template":"","meta":[],"product_brand":[],"product_cat":[115],"product_tag":[],"class_list":{"0":"post-1363","1":"product","2":"type-product","3":"status-publish","4":"has-post-thumbnail","6":"product_cat-skin-care","8":"first","9":"instock","10":"shipping-taxable","11":"purchasable","12":"product-type-simple"},"_links":{"self":[{"href":"https:\/\/prettytrendshop.com\/index.php\/wp-json\/wp\/v2\/product\/1363","targetHints":{"allow":["GET"]}}],"collection":[{"href":"https:\/\/prettytrendshop.com\/index.php\/wp-json\/wp\/v2\/product"}],"about":[{"href":"https:\/\/prettytrendshop.com\/index.php\/wp-json\/wp\/v2\/types\/product"}],"replies":[{"embeddable":true,"href":"https:\/\/prettytrendshop.com\/index.php\/wp-json\/wp\/v2\/comments?post=1363"}],"wp:featuredmedia":[{"embeddable":true,"href":"https:\/\/prettytrendshop.com\/index.php\/wp-json\/wp\/v2\/media\/1364"}],"wp:attachment":[{"href":"https:\/\/prettytrendshop.com\/index.php\/wp-json\/wp\/v2\/media?parent=1363"}],"wp:term":[{"taxonomy":"product_brand","embeddable":true,"href":"https:\/\/prettytrendshop.com\/index.php\/wp-json\/wp\/v2\/product_brand?post=1363"},{"taxonomy":"product_cat","embeddable":true,"href":"https:\/\/prettytrendshop.com\/index.php\/wp-json\/wp\/v2\/product_cat?post=1363"},{"taxonomy":"product_tag","embeddable":true,"href":"https:\/\/prettytrendshop.com\/index.php\/wp-json\/wp\/v2\/product_tag?post=1363"}],"curies":[{"name":"wp","href":"https:\/\/api.w.org\/{rel}","templated":true}]}}