{"id":1359,"date":"2025-06-08T12:22:28","date_gmt":"2025-06-08T12:22:28","guid":{"rendered":"https:\/\/prettytrendshop.com\/?post_type=product&#038;p=1359"},"modified":"2025-06-08T12:22:37","modified_gmt":"2025-06-08T12:22:37","slug":"masque-purifiant-seboregulateur-a-lacide-salicylique","status":"publish","type":"product","link":"https:\/\/prettytrendshop.com\/index.php\/produit\/masque-purifiant-seboregulateur-a-lacide-salicylique\/","title":{"rendered":"MASQUE PURIFIANT SEBOREGULATEUR A L&rsquo;ACIDE SALICYLIQUE"},"content":{"rendered":"<p>&nbsp;<\/p>\n<p>Le masque purifiant Aurodhea \u00e0 l&rsquo;acide salicylique est le traitement id\u00e9al pour \u00e9liminer les impuret\u00e9s et lestoxines. Son action permet de r\u00e9\u00e9quilibrer la production de s\u00e9bum gr\u00e2ce \u00e0 une formule enrichie enprincipes actifs sp\u00e9cifiques tels que l&rsquo;acide salicylique et les extraits de sauge, de citron et d&rsquo;hamam\u00e9lis.Convient aux peaux mixtes et grasses.<\/p>\n<p>TEST\u00c9 SOUS CONTROLE DERMATOLOGIQUE<\/p>\n<p>Mode d\u00b4emploi : Appliquer le soir sur une peau propre et s\u00e8che, laisser agir 10 minutes et retirer \u00e0 l&rsquo;eau ti\u00e8de \u00e0 l&rsquo;aide d&rsquo;une\u00e9ponge humide. \u00c9viter le contact avec les yeux et le contour des l\u00e8vres. Utiliser une \u00e0 deux fois parsemaine. Appliquer imm\u00e9diatement apr\u00e8s une cr\u00e8me hydratante pour le visage.<\/p>\n<p>Pr\u00e9caution : En cas de contact avec les yeux, laver imm\u00e9diatement avec de l&rsquo;eau et consulter un m\u00e9decin sin\u00e9cessaire. \u00c9viter le rejet dans l&rsquo;environnement. \u00c9viter les chutes, les chocs et les manipulationsinappropri\u00e9es qui pourraient entra\u00eener un d\u00e9versement du produit. Conserver dans un endroit frais et sec,\u00e0 l&rsquo;\u00e9cart des sources de chaleur. Le produit contient des acides b\u00eata-hydroxyl\u00e9s qui peuvent augmenter la photosensibilit\u00e9 de la peau. utiliser un produit de protection solaire et \u00e9viter de vous exposer au soleil pendant le traitement et la semaine suivante.<\/p>\n<p>Format : 50ml<\/p>\n<p>N\u00b0 AS01B<\/p>\n","protected":false},"excerpt":{"rendered":"<p>&nbsp; Le masque purifiant Aurodhea \u00e0 l&rsquo;acide salicylique est le traitement id\u00e9al pour \u00e9liminer les impuret\u00e9s et lestoxines. Son action permet de r\u00e9\u00e9quilibrer la production de s\u00e9bum gr\u00e2ce \u00e0 une formule enrichie enprincipes actifs sp\u00e9cifiques tels que l&rsquo;acide salicylique et les extraits de sauge, de citron et d&rsquo;hamam\u00e9lis.Convient aux peaux mixtes et grasses. TEST\u00c9 SOUS &hellip; <\/p>\n<p class=\"link-more\"><a href=\"https:\/\/prettytrendshop.com\/index.php\/produit\/masque-purifiant-seboregulateur-a-lacide-salicylique\/\" class=\"more-link\">Continuer la lecture<span class=\"screen-reader-text\"> de &laquo;&nbsp;MASQUE PURIFIANT SEBOREGULATEUR A L&rsquo;ACIDE SALICYLIQUE&nbsp;&raquo;<\/span><\/a><\/p>\n","protected":false},"featured_media":1360,"comment_status":"open","ping_status":"closed","template":"","meta":[],"product_brand":[],"product_cat":[115],"product_tag":[],"class_list":{"0":"post-1359","1":"product","2":"type-product","3":"status-publish","4":"has-post-thumbnail","6":"product_cat-skin-care","8":"first","9":"instock","10":"shipping-taxable","11":"purchasable","12":"product-type-simple"},"_links":{"self":[{"href":"https:\/\/prettytrendshop.com\/index.php\/wp-json\/wp\/v2\/product\/1359","targetHints":{"allow":["GET"]}}],"collection":[{"href":"https:\/\/prettytrendshop.com\/index.php\/wp-json\/wp\/v2\/product"}],"about":[{"href":"https:\/\/prettytrendshop.com\/index.php\/wp-json\/wp\/v2\/types\/product"}],"replies":[{"embeddable":true,"href":"https:\/\/prettytrendshop.com\/index.php\/wp-json\/wp\/v2\/comments?post=1359"}],"wp:featuredmedia":[{"embeddable":true,"href":"https:\/\/prettytrendshop.com\/index.php\/wp-json\/wp\/v2\/media\/1360"}],"wp:attachment":[{"href":"https:\/\/prettytrendshop.com\/index.php\/wp-json\/wp\/v2\/media?parent=1359"}],"wp:term":[{"taxonomy":"product_brand","embeddable":true,"href":"https:\/\/prettytrendshop.com\/index.php\/wp-json\/wp\/v2\/product_brand?post=1359"},{"taxonomy":"product_cat","embeddable":true,"href":"https:\/\/prettytrendshop.com\/index.php\/wp-json\/wp\/v2\/product_cat?post=1359"},{"taxonomy":"product_tag","embeddable":true,"href":"https:\/\/prettytrendshop.com\/index.php\/wp-json\/wp\/v2\/product_tag?post=1359"}],"curies":[{"name":"wp","href":"https:\/\/api.w.org\/{rel}","templated":true}]}}