{"id":1352,"date":"2025-06-08T11:36:31","date_gmt":"2025-06-08T11:36:31","guid":{"rendered":"https:\/\/prettytrendshop.com\/?post_type=product&#038;p=1352"},"modified":"2025-06-08T11:37:33","modified_gmt":"2025-06-08T11:37:33","slug":"masque-peel-off-pour-peaux-matures","status":"publish","type":"product","link":"https:\/\/prettytrendshop.com\/index.php\/produit\/masque-peel-off-pour-peaux-matures\/","title":{"rendered":"MASQUE PEEL-OFF POUR PEAUX MATURES"},"content":{"rendered":"<p>&nbsp;<\/p>\n<p>Le masque facial Peel-off Aurodhea pour les peaux matures hydrate, exfolie et lutte contre le vieillissementde la peau. \u00c0 l&rsquo;int\u00e9rieur, l&rsquo;Avena Strigosa est un ingr\u00e9dient actif qui assure une hydratation profonde et continue jusqu&rsquo;\u00e0 24 heures et poss\u00e8de des propri\u00e9t\u00e9s r\u00e9paratrices. Le Galactoarabinan est un polysaccharide qui att\u00e9nue les fines rides, exfolie en douceur et pr\u00e9vient la perte d&rsquo;humidit\u00e9 trans-\u00e9pidermique. Le Porphyridium Cruentum a un effet tenseur et filmog\u00e8ne, tandis que les prot\u00e9ines de Soieagissent comme un conditionneur de peau. Enfin, l&rsquo;acide hyaluronique maintient l&rsquo;\u00e9lasticit\u00e9, la r\u00e9sistance etl&rsquo;hydratation de la peau et lutte contre le vieillissement.<\/p>\n<p>TEST\u00c9 SOUS CONTR\u00d4LE DERMATOLOGIQUE<\/p>\n<p>Mode d\u00b4emploi : Appliquez une fine couche sur le visage sec, apr\u00e8s un nettoyage minutieux \u00e0 l&rsquo;eau chaude, en \u00e9vitant le contour des yeux et des l\u00e8vres. Attendez 20-25 minutes, puis retirez doucement, en allant du front vers lecentre du visage. Rincez tout r\u00e9sidu \u00e0 l&rsquo;eau ti\u00e8de. Compl\u00e9tez le nettoyage avec la lotion tonique Aurodheapour les peaux d\u00e9licates et sensibles. R\u00e9p\u00e9tez l&rsquo;op\u00e9ration 2 \u00e0 3 fois par semaine.<\/p>\n<p>Pr\u00e9caution : En cas de contact avec les yeux, lavez imm\u00e9diatement \u00e0 l&rsquo;eau et consultez un m\u00e9decin si n\u00e9cessaire. Evitez le rejet dans l&rsquo;environnement. \u00c9vitez les chutes, les chocs et les manipulations incorrectes qui pourraient entra\u00eener un d\u00e9versement du produit. Conservez dans un endroit frais et sec, \u00e0 l&rsquo;\u00e9cart dessources de chaleur.<\/p>\n<p>Format : 75ml<\/p>\n<p>N\u00b0 POM01<\/p>\n","protected":false},"excerpt":{"rendered":"<p>&nbsp; Le masque facial Peel-off Aurodhea pour les peaux matures hydrate, exfolie et lutte contre le vieillissementde la peau. \u00c0 l&rsquo;int\u00e9rieur, l&rsquo;Avena Strigosa est un ingr\u00e9dient actif qui assure une hydratation profonde et continue jusqu&rsquo;\u00e0 24 heures et poss\u00e8de des propri\u00e9t\u00e9s r\u00e9paratrices. Le Galactoarabinan est un polysaccharide qui att\u00e9nue les fines rides, exfolie en douceur &hellip; <\/p>\n<p class=\"link-more\"><a href=\"https:\/\/prettytrendshop.com\/index.php\/produit\/masque-peel-off-pour-peaux-matures\/\" class=\"more-link\">Continuer la lecture<span class=\"screen-reader-text\"> de &laquo;&nbsp;MASQUE PEEL-OFF POUR PEAUX MATURES&nbsp;&raquo;<\/span><\/a><\/p>\n","protected":false},"featured_media":1353,"comment_status":"open","ping_status":"closed","template":"","meta":[],"product_brand":[],"product_cat":[115],"product_tag":[],"class_list":{"0":"post-1352","1":"product","2":"type-product","3":"status-publish","4":"has-post-thumbnail","6":"product_cat-skin-care","8":"first","9":"instock","10":"shipping-taxable","11":"purchasable","12":"product-type-simple"},"_links":{"self":[{"href":"https:\/\/prettytrendshop.com\/index.php\/wp-json\/wp\/v2\/product\/1352","targetHints":{"allow":["GET"]}}],"collection":[{"href":"https:\/\/prettytrendshop.com\/index.php\/wp-json\/wp\/v2\/product"}],"about":[{"href":"https:\/\/prettytrendshop.com\/index.php\/wp-json\/wp\/v2\/types\/product"}],"replies":[{"embeddable":true,"href":"https:\/\/prettytrendshop.com\/index.php\/wp-json\/wp\/v2\/comments?post=1352"}],"wp:featuredmedia":[{"embeddable":true,"href":"https:\/\/prettytrendshop.com\/index.php\/wp-json\/wp\/v2\/media\/1353"}],"wp:attachment":[{"href":"https:\/\/prettytrendshop.com\/index.php\/wp-json\/wp\/v2\/media?parent=1352"}],"wp:term":[{"taxonomy":"product_brand","embeddable":true,"href":"https:\/\/prettytrendshop.com\/index.php\/wp-json\/wp\/v2\/product_brand?post=1352"},{"taxonomy":"product_cat","embeddable":true,"href":"https:\/\/prettytrendshop.com\/index.php\/wp-json\/wp\/v2\/product_cat?post=1352"},{"taxonomy":"product_tag","embeddable":true,"href":"https:\/\/prettytrendshop.com\/index.php\/wp-json\/wp\/v2\/product_tag?post=1352"}],"curies":[{"name":"wp","href":"https:\/\/api.w.org\/{rel}","templated":true}]}}