{"id":1348,"date":"2025-06-08T10:06:05","date_gmt":"2025-06-08T10:06:05","guid":{"rendered":"https:\/\/prettytrendshop.com\/?post_type=product&#038;p=1348"},"modified":"2025-06-08T10:06:14","modified_gmt":"2025-06-08T10:06:14","slug":"lotion-tonique-pour-peaux-normales-seches-et-sensibles-2","status":"publish","type":"product","link":"https:\/\/prettytrendshop.com\/index.php\/produit\/lotion-tonique-pour-peaux-normales-seches-et-sensibles-2\/","title":{"rendered":"LOTION TONIQUE POUR PEAUX NORMALES, S\u00c8CHES ET SENSIBLES"},"content":{"rendered":"<p>&nbsp;<\/p>\n<p>La lotion tonique pour le visage Aurodhea pour les peaux d\u00e9licates et sensibles est un produit sp\u00e9cifiquepour les peaux r\u00e9actives. Sa formule nettoie les pores sans alt\u00e9rer l&rsquo;\u00e9quilibre de la peau. Les extraits deCalendula, de Camomille et de Mauve apaisent les irritations et pr\u00e9viennent les rougeurs. La lotion toniquepour le visage Aurodhea \u00e9limine efficacement les r\u00e9sidus de maquillage, l&rsquo;exc\u00e8s de s\u00e9bum et tous lestypes d&rsquo;impuret\u00e9s, en laissant une agr\u00e9able sensation de fra\u00eecheur et d&rsquo;hydratation.<\/p>\n<p>TESTE SOUSCONTROLE DERMATOLOGIQUE<\/p>\n<p>Mode d\u00b4emploi : Appliquer sur un coton et tapoter sur le visage sec apr\u00e8s le nettoyage habituel. Ne pas rincer.<\/p>\n<p>Pr\u00e9caution : Eviter le rejet dans l&rsquo;environnement. \u00c9vitez les chutes, les chocs et les manipulations incorrectes quipourraient entra\u00eener un d\u00e9versement du produit. Conserver dans un endroit frais et sec, \u00e0 l&rsquo;\u00e9cart dessources de chaleur.<\/p>\n<p>Format : 150ml<\/p>\n<p>N\u00b0CR14B<\/p>\n","protected":false},"excerpt":{"rendered":"<p>&nbsp; La lotion tonique pour le visage Aurodhea pour les peaux d\u00e9licates et sensibles est un produit sp\u00e9cifiquepour les peaux r\u00e9actives. Sa formule nettoie les pores sans alt\u00e9rer l&rsquo;\u00e9quilibre de la peau. Les extraits deCalendula, de Camomille et de Mauve apaisent les irritations et pr\u00e9viennent les rougeurs. La lotion toniquepour le visage Aurodhea \u00e9limine efficacement &hellip; <\/p>\n<p class=\"link-more\"><a href=\"https:\/\/prettytrendshop.com\/index.php\/produit\/lotion-tonique-pour-peaux-normales-seches-et-sensibles-2\/\" class=\"more-link\">Continuer la lecture<span class=\"screen-reader-text\"> de &laquo;&nbsp;LOTION TONIQUE POUR PEAUX NORMALES, S\u00c8CHES ET SENSIBLES&nbsp;&raquo;<\/span><\/a><\/p>\n","protected":false},"featured_media":1349,"comment_status":"open","ping_status":"closed","template":"","meta":[],"product_brand":[],"product_cat":[115],"product_tag":[],"class_list":{"0":"post-1348","1":"product","2":"type-product","3":"status-publish","4":"has-post-thumbnail","6":"product_cat-skin-care","8":"first","9":"instock","10":"shipping-taxable","11":"purchasable","12":"product-type-simple"},"_links":{"self":[{"href":"https:\/\/prettytrendshop.com\/index.php\/wp-json\/wp\/v2\/product\/1348","targetHints":{"allow":["GET"]}}],"collection":[{"href":"https:\/\/prettytrendshop.com\/index.php\/wp-json\/wp\/v2\/product"}],"about":[{"href":"https:\/\/prettytrendshop.com\/index.php\/wp-json\/wp\/v2\/types\/product"}],"replies":[{"embeddable":true,"href":"https:\/\/prettytrendshop.com\/index.php\/wp-json\/wp\/v2\/comments?post=1348"}],"wp:featuredmedia":[{"embeddable":true,"href":"https:\/\/prettytrendshop.com\/index.php\/wp-json\/wp\/v2\/media\/1349"}],"wp:attachment":[{"href":"https:\/\/prettytrendshop.com\/index.php\/wp-json\/wp\/v2\/media?parent=1348"}],"wp:term":[{"taxonomy":"product_brand","embeddable":true,"href":"https:\/\/prettytrendshop.com\/index.php\/wp-json\/wp\/v2\/product_brand?post=1348"},{"taxonomy":"product_cat","embeddable":true,"href":"https:\/\/prettytrendshop.com\/index.php\/wp-json\/wp\/v2\/product_cat?post=1348"},{"taxonomy":"product_tag","embeddable":true,"href":"https:\/\/prettytrendshop.com\/index.php\/wp-json\/wp\/v2\/product_tag?post=1348"}],"curies":[{"name":"wp","href":"https:\/\/api.w.org\/{rel}","templated":true}]}}