{"id":1336,"date":"2025-06-04T15:12:10","date_gmt":"2025-06-04T15:12:10","guid":{"rendered":"https:\/\/prettytrendshop.com\/?post_type=product&#038;p=1336"},"modified":"2025-06-04T15:27:28","modified_gmt":"2025-06-04T15:27:28","slug":"gel-moussant-baby","status":"publish","type":"product","link":"https:\/\/prettytrendshop.com\/index.php\/produit\/gel-moussant-baby\/","title":{"rendered":"GEL MOUSSANT BABY"},"content":{"rendered":"<p>&nbsp;<\/p>\n<p>Le Gel moussant Baby Care Aurodhea nettoie en douceur la peau sensible des b\u00e9b\u00e9s et leur assure unbain relaxant et agr\u00e9able. Gr\u00e2ce \u00e0 sa mousse douce, l\u00e9g\u00e8re et parfum\u00e9e, il est en mesure d&rsquo;\u00e9veiller lessens de b\u00e9b\u00e9 et de lui procurer des moments de bien-\u00eatre. Enrichi en Aloe Vera et en extrait d&rsquo;Alch\u00e9mille,il exerce une action apaisante et anti-inflammatoire. Il contient de l&rsquo;extrait d&rsquo;Echinac\u00e9e, qui renforce labarri\u00e8re cutan\u00e9e du b\u00e9b\u00e9. L&rsquo;extrait d&rsquo;Avoine se caract\u00e9rise par ses propri\u00e9t\u00e9s hydratantes, anti-d\u00e9mangeaisons et anti-stress.<\/p>\n<p>TEST\u00c9 SOUS CONTR\u00d4LE DERMATOLOGIQUE<\/p>\n<p>Mode d\u00b4emploi : Versez une petite quantit\u00e9 de produit, environ 10 g, directement dans l&rsquo;eau de la baignoire. Plus la pression de l&rsquo;eau est \u00e9lev\u00e9e, plus la mousse est abondante. Apr\u00e8s le bain, rincez soigneusement la peau du b\u00e9b\u00e9.<\/p>\n<p>Format : 200ml<\/p>\n<p>N\u00b0BB01B<\/p>\n","protected":false},"excerpt":{"rendered":"<p>&nbsp; Le Gel moussant Baby Care Aurodhea nettoie en douceur la peau sensible des b\u00e9b\u00e9s et leur assure unbain relaxant et agr\u00e9able. Gr\u00e2ce \u00e0 sa mousse douce, l\u00e9g\u00e8re et parfum\u00e9e, il est en mesure d&rsquo;\u00e9veiller lessens de b\u00e9b\u00e9 et de lui procurer des moments de bien-\u00eatre. Enrichi en Aloe Vera et en extrait d&rsquo;Alch\u00e9mille,il exerce &hellip; <\/p>\n<p class=\"link-more\"><a href=\"https:\/\/prettytrendshop.com\/index.php\/produit\/gel-moussant-baby\/\" class=\"more-link\">Continuer la lecture<span class=\"screen-reader-text\"> de &laquo;&nbsp;GEL MOUSSANT BABY&nbsp;&raquo;<\/span><\/a><\/p>\n","protected":false},"featured_media":1340,"comment_status":"open","ping_status":"closed","template":"","meta":[],"product_brand":[],"product_cat":[115],"product_tag":[],"class_list":{"0":"post-1336","1":"product","2":"type-product","3":"status-publish","4":"has-post-thumbnail","6":"product_cat-skin-care","8":"first","9":"instock","10":"shipping-taxable","11":"purchasable","12":"product-type-simple"},"_links":{"self":[{"href":"https:\/\/prettytrendshop.com\/index.php\/wp-json\/wp\/v2\/product\/1336","targetHints":{"allow":["GET"]}}],"collection":[{"href":"https:\/\/prettytrendshop.com\/index.php\/wp-json\/wp\/v2\/product"}],"about":[{"href":"https:\/\/prettytrendshop.com\/index.php\/wp-json\/wp\/v2\/types\/product"}],"replies":[{"embeddable":true,"href":"https:\/\/prettytrendshop.com\/index.php\/wp-json\/wp\/v2\/comments?post=1336"}],"wp:featuredmedia":[{"embeddable":true,"href":"https:\/\/prettytrendshop.com\/index.php\/wp-json\/wp\/v2\/media\/1340"}],"wp:attachment":[{"href":"https:\/\/prettytrendshop.com\/index.php\/wp-json\/wp\/v2\/media?parent=1336"}],"wp:term":[{"taxonomy":"product_brand","embeddable":true,"href":"https:\/\/prettytrendshop.com\/index.php\/wp-json\/wp\/v2\/product_brand?post=1336"},{"taxonomy":"product_cat","embeddable":true,"href":"https:\/\/prettytrendshop.com\/index.php\/wp-json\/wp\/v2\/product_cat?post=1336"},{"taxonomy":"product_tag","embeddable":true,"href":"https:\/\/prettytrendshop.com\/index.php\/wp-json\/wp\/v2\/product_tag?post=1336"}],"curies":[{"name":"wp","href":"https:\/\/api.w.org\/{rel}","templated":true}]}}