{"id":1334,"date":"2025-06-04T15:03:57","date_gmt":"2025-06-04T15:03:57","guid":{"rendered":"https:\/\/prettytrendshop.com\/?post_type=product&#038;p=1334"},"modified":"2025-06-04T15:04:12","modified_gmt":"2025-06-04T15:04:12","slug":"nettoyant-bebe-extra-doux","status":"publish","type":"product","link":"https:\/\/prettytrendshop.com\/index.php\/produit\/nettoyant-bebe-extra-doux\/","title":{"rendered":"NETTOYANT B\u00c9B\u00c9 EXTRA-DOUX"},"content":{"rendered":"<p>&nbsp;<\/p>\n<div class=\"page\" data-page-number=\"1\" data-loaded=\"true\">\n<div class=\"textLayer\">Le nettoyant extra-doux pour b\u00e9b\u00e9s Aurodhea est formul\u00e9 pour assurer un nettoyage en douceur de la peau sensible des enfants. \u00c0 base d&rsquo;ingr\u00e9dients d&rsquo;origine v\u00e9g\u00e9tale, le nettoyant contient des extraits de Mauve, de Calendula et de Camomille, aux propri\u00e9t\u00e9sadoucissantes, \u00e9mollientes et apaisantes. Enrichi \u00e9galement en Aloe Vera, \u00e0 l&rsquo;action hydratante et anti-inflammatoire, le nettoyantaide \u00e0 prot\u00e9ger efficacement la peau contre les irritations et les rougeurs. Le produit est hypoallerg\u00e9nique, ce qui le rend id\u00e9al pour r\u00e9duire le risque de r\u00e9actions diverses et d&rsquo;irritations cutan\u00e9es.<\/div>\n<div><\/div>\n<div class=\"textLayer\">TEST\u00c9 SOUS CONTROLE DERMATOLOGIQUE<\/div>\n<div><\/div>\n<div class=\"textLayer\">Mode d\u00b4emploi : Appliquer sur la peau humide, faire mousser et rincer abondamment.<\/div>\n<div><\/div>\n<div>Format : 260ml<\/div>\n<\/div>\n<div class=\"page\" data-page-number=\"2\" data-loaded=\"true\">\n<div class=\"canvasWrapper\">N\u00b0SP06B<\/div>\n<div class=\"textLayer\"><\/div>\n<\/div>\n","protected":false},"excerpt":{"rendered":"<p>&nbsp; Le nettoyant extra-doux pour b\u00e9b\u00e9s Aurodhea est formul\u00e9 pour assurer un nettoyage en douceur de la peau sensible des enfants. \u00c0 base d&rsquo;ingr\u00e9dients d&rsquo;origine v\u00e9g\u00e9tale, le nettoyant contient des extraits de Mauve, de Calendula et de Camomille, aux propri\u00e9t\u00e9sadoucissantes, \u00e9mollientes et apaisantes. Enrichi \u00e9galement en Aloe Vera, \u00e0 l&rsquo;action hydratante et anti-inflammatoire, le nettoyantaide &hellip; <\/p>\n<p class=\"link-more\"><a href=\"https:\/\/prettytrendshop.com\/index.php\/produit\/nettoyant-bebe-extra-doux\/\" class=\"more-link\">Continuer la lecture<span class=\"screen-reader-text\"> de &laquo;&nbsp;NETTOYANT B\u00c9B\u00c9 EXTRA-DOUX&nbsp;&raquo;<\/span><\/a><\/p>\n","protected":false},"featured_media":1335,"comment_status":"open","ping_status":"closed","template":"","meta":[],"product_brand":[],"product_cat":[115],"product_tag":[],"class_list":{"0":"post-1334","1":"product","2":"type-product","3":"status-publish","4":"has-post-thumbnail","6":"product_cat-skin-care","8":"first","9":"instock","10":"shipping-taxable","11":"purchasable","12":"product-type-simple"},"_links":{"self":[{"href":"https:\/\/prettytrendshop.com\/index.php\/wp-json\/wp\/v2\/product\/1334","targetHints":{"allow":["GET"]}}],"collection":[{"href":"https:\/\/prettytrendshop.com\/index.php\/wp-json\/wp\/v2\/product"}],"about":[{"href":"https:\/\/prettytrendshop.com\/index.php\/wp-json\/wp\/v2\/types\/product"}],"replies":[{"embeddable":true,"href":"https:\/\/prettytrendshop.com\/index.php\/wp-json\/wp\/v2\/comments?post=1334"}],"wp:featuredmedia":[{"embeddable":true,"href":"https:\/\/prettytrendshop.com\/index.php\/wp-json\/wp\/v2\/media\/1335"}],"wp:attachment":[{"href":"https:\/\/prettytrendshop.com\/index.php\/wp-json\/wp\/v2\/media?parent=1334"}],"wp:term":[{"taxonomy":"product_brand","embeddable":true,"href":"https:\/\/prettytrendshop.com\/index.php\/wp-json\/wp\/v2\/product_brand?post=1334"},{"taxonomy":"product_cat","embeddable":true,"href":"https:\/\/prettytrendshop.com\/index.php\/wp-json\/wp\/v2\/product_cat?post=1334"},{"taxonomy":"product_tag","embeddable":true,"href":"https:\/\/prettytrendshop.com\/index.php\/wp-json\/wp\/v2\/product_tag?post=1334"}],"curies":[{"name":"wp","href":"https:\/\/api.w.org\/{rel}","templated":true}]}}