{"id":1305,"date":"2025-06-04T09:48:56","date_gmt":"2025-06-04T09:48:56","guid":{"rendered":"https:\/\/prettytrendshop.com\/?post_type=product&#038;p=1305"},"modified":"2025-06-04T09:50:45","modified_gmt":"2025-06-04T09:50:45","slug":"creme-visage-anti-age-a-la-bave-descargot","status":"publish","type":"product","link":"https:\/\/prettytrendshop.com\/index.php\/produit\/creme-visage-anti-age-a-la-bave-descargot\/","title":{"rendered":"CR\u00c8ME VISAGE ANTI-\u00c2GE \u00c0 LA BAVE D\u00b4ESCARGOT"},"content":{"rendered":"<p>&nbsp;<\/p>\n<p>LA CR\u00c8ME VISAGE \u00c0 LA BAVE D\u00b4ESCARGOT :<\/p>\n<p>La cr\u00e8me visage Aurodhea \u00e0 la bave d\u2019escargot est un soin anti-\u00e2ge complet qui r\u00e9g\u00e9n\u00e8re la peau, att\u00e9nue rides et imperfections (acn\u00e9, cicatrices, taches), et offre un effet lifting naturel. Enrichie en actifs pr\u00e9cieux comme l\u2019huile d\u2019Argan, l\u2019acide hyaluronique et la vitamine E, elle nourrit, lisse et rajeunit la peau du visage et le\u00a0 cou.<\/p>\n<p><span style=\"font-size: 1rem;\">Mode d\u00b4emploi : Appliquer une petite quantit\u00e9 sur le visage, le cou et le d\u00e9collet\u00e9 le matin et\/ou le soir apr\u00e8s\u00a0 avoir bien nettoy\u00e9s puis m<\/span><span style=\"font-size: 1rem;\">asser par mouvements circulaires jusqu&rsquo;\u00e0 p\u00e9n\u00e9tration compl\u00e8te, en \u00e9vitant le contour des yeux<\/span><span style=\"font-size: 1rem;\">. Il est recommand\u00e9 d&rsquo;appliquer en journ\u00e9e notre notre cr\u00e8me spray solaire SPF 50 disponible dans la categorie.\u00a0<\/span><\/p>\n<div class=\"page\" data-page-number=\"1\" data-loaded=\"true\">\n<div class=\"textLayer\">Pr\u00e9caution : En \u00e9t\u00e9, n&rsquo;utiliser que le soir, car elle peut \u00eatre l\u00e9g\u00e8rement photosensibilisant.<\/div>\n<div><\/div>\n<div class=\"textLayer\">Format : 50ml<\/div>\n<div>N\u00b0 CR02B<\/div>\n<\/div>\n<div><\/div>\n","protected":false},"excerpt":{"rendered":"<p>&nbsp; LA CR\u00c8ME VISAGE \u00c0 LA BAVE D\u00b4ESCARGOT : La cr\u00e8me visage Aurodhea \u00e0 la bave d\u2019escargot est un soin anti-\u00e2ge complet qui r\u00e9g\u00e9n\u00e8re la peau, att\u00e9nue rides et imperfections (acn\u00e9, cicatrices, taches), et offre un effet lifting naturel. Enrichie en actifs pr\u00e9cieux comme l\u2019huile d\u2019Argan, l\u2019acide hyaluronique et la vitamine E, elle nourrit, lisse &hellip; <\/p>\n<p class=\"link-more\"><a href=\"https:\/\/prettytrendshop.com\/index.php\/produit\/creme-visage-anti-age-a-la-bave-descargot\/\" class=\"more-link\">Continuer la lecture<span class=\"screen-reader-text\"> de &laquo;&nbsp;CR\u00c8ME VISAGE ANTI-\u00c2GE \u00c0 LA BAVE D\u00b4ESCARGOT&nbsp;&raquo;<\/span><\/a><\/p>\n","protected":false},"featured_media":915,"comment_status":"open","ping_status":"closed","template":"","meta":[],"product_brand":[],"product_cat":[115],"product_tag":[],"class_list":{"0":"post-1305","1":"product","2":"type-product","3":"status-publish","4":"has-post-thumbnail","6":"product_cat-skin-care","8":"first","9":"instock","10":"shipping-taxable","11":"purchasable","12":"product-type-simple"},"_links":{"self":[{"href":"https:\/\/prettytrendshop.com\/index.php\/wp-json\/wp\/v2\/product\/1305","targetHints":{"allow":["GET"]}}],"collection":[{"href":"https:\/\/prettytrendshop.com\/index.php\/wp-json\/wp\/v2\/product"}],"about":[{"href":"https:\/\/prettytrendshop.com\/index.php\/wp-json\/wp\/v2\/types\/product"}],"replies":[{"embeddable":true,"href":"https:\/\/prettytrendshop.com\/index.php\/wp-json\/wp\/v2\/comments?post=1305"}],"wp:featuredmedia":[{"embeddable":true,"href":"https:\/\/prettytrendshop.com\/index.php\/wp-json\/wp\/v2\/media\/915"}],"wp:attachment":[{"href":"https:\/\/prettytrendshop.com\/index.php\/wp-json\/wp\/v2\/media?parent=1305"}],"wp:term":[{"taxonomy":"product_brand","embeddable":true,"href":"https:\/\/prettytrendshop.com\/index.php\/wp-json\/wp\/v2\/product_brand?post=1305"},{"taxonomy":"product_cat","embeddable":true,"href":"https:\/\/prettytrendshop.com\/index.php\/wp-json\/wp\/v2\/product_cat?post=1305"},{"taxonomy":"product_tag","embeddable":true,"href":"https:\/\/prettytrendshop.com\/index.php\/wp-json\/wp\/v2\/product_tag?post=1305"}],"curies":[{"name":"wp","href":"https:\/\/api.w.org\/{rel}","templated":true}]}}