{"id":1279,"date":"2025-05-22T15:58:27","date_gmt":"2025-05-22T15:58:27","guid":{"rendered":"https:\/\/prettytrendshop.com\/?post_type=product&#038;p=1279"},"modified":"2025-05-22T15:58:37","modified_gmt":"2025-05-22T15:58:37","slug":"gel-apaisant-anti-demangeaison-n-md04b","status":"publish","type":"product","link":"https:\/\/prettytrendshop.com\/index.php\/produit\/gel-apaisant-anti-demangeaison-n-md04b\/","title":{"rendered":"GEL APAISANT ANTI-D\u00c9MANGEAISON  N\u00b0 MD04B"},"content":{"rendered":"<p>&nbsp;<\/p>\n<p>Le gel apaisant anti-d\u00e9mangeaisons Aurodhea soulage l&rsquo;inconfort des irritations caus\u00e9es par les allergies,les piq\u00fbres d&rsquo;insectes ou les dermatites de contact (nickel, plantes, m\u00e9duses, etc.). L&rsquo;Aloe vera et l&rsquo;huileessentielle de Tea Tree, antibiotique naturel aux propri\u00e9t\u00e9s antibact\u00e9riennes, anti-inflammatoires etantiseptiques, apportent une sensation de fra\u00eecheur et de soulagement et conviennent aux peaux irrit\u00e9esou sensibles. Le panth\u00e9nol a un effet apaisant et favorise la r\u00e9g\u00e9n\u00e9ration des tissus.<\/p>\n<p>TEST\u00c9 SOUSCONTR\u00d4LE DERMATOLOGIQUE<\/p>\n<p>Mode d\u00b4emploi : Appliquer sur la zone \u00e0 traiter et masser jusqu&rsquo;\u00e0 absorption compl\u00e8te. R\u00e9p\u00e9ter l&rsquo;application 2 \u00e0 3 fois parjour.<\/p>\n<p>Format :\u00a0 75 ml<\/p>\n","protected":false},"excerpt":{"rendered":"<p>&nbsp; Le gel apaisant anti-d\u00e9mangeaisons Aurodhea soulage l&rsquo;inconfort des irritations caus\u00e9es par les allergies,les piq\u00fbres d&rsquo;insectes ou les dermatites de contact (nickel, plantes, m\u00e9duses, etc.). L&rsquo;Aloe vera et l&rsquo;huileessentielle de Tea Tree, antibiotique naturel aux propri\u00e9t\u00e9s antibact\u00e9riennes, anti-inflammatoires etantiseptiques, apportent une sensation de fra\u00eecheur et de soulagement et conviennent aux peaux irrit\u00e9esou sensibles. Le panth\u00e9nol &hellip; <\/p>\n<p class=\"link-more\"><a href=\"https:\/\/prettytrendshop.com\/index.php\/produit\/gel-apaisant-anti-demangeaison-n-md04b\/\" class=\"more-link\">Continuer la lecture<span class=\"screen-reader-text\"> de &laquo;&nbsp;GEL APAISANT ANTI-D\u00c9MANGEAISON  N\u00b0 MD04B&nbsp;&raquo;<\/span><\/a><\/p>\n","protected":false},"featured_media":1281,"comment_status":"open","ping_status":"closed","template":"","meta":[],"product_brand":[],"product_cat":[112],"product_tag":[],"class_list":{"0":"post-1279","1":"product","2":"type-product","3":"status-publish","4":"has-post-thumbnail","6":"product_cat-remedes-et-onguents","8":"first","9":"instock","10":"shipping-taxable","11":"purchasable","12":"product-type-simple"},"_links":{"self":[{"href":"https:\/\/prettytrendshop.com\/index.php\/wp-json\/wp\/v2\/product\/1279","targetHints":{"allow":["GET"]}}],"collection":[{"href":"https:\/\/prettytrendshop.com\/index.php\/wp-json\/wp\/v2\/product"}],"about":[{"href":"https:\/\/prettytrendshop.com\/index.php\/wp-json\/wp\/v2\/types\/product"}],"replies":[{"embeddable":true,"href":"https:\/\/prettytrendshop.com\/index.php\/wp-json\/wp\/v2\/comments?post=1279"}],"wp:featuredmedia":[{"embeddable":true,"href":"https:\/\/prettytrendshop.com\/index.php\/wp-json\/wp\/v2\/media\/1281"}],"wp:attachment":[{"href":"https:\/\/prettytrendshop.com\/index.php\/wp-json\/wp\/v2\/media?parent=1279"}],"wp:term":[{"taxonomy":"product_brand","embeddable":true,"href":"https:\/\/prettytrendshop.com\/index.php\/wp-json\/wp\/v2\/product_brand?post=1279"},{"taxonomy":"product_cat","embeddable":true,"href":"https:\/\/prettytrendshop.com\/index.php\/wp-json\/wp\/v2\/product_cat?post=1279"},{"taxonomy":"product_tag","embeddable":true,"href":"https:\/\/prettytrendshop.com\/index.php\/wp-json\/wp\/v2\/product_tag?post=1279"}],"curies":[{"name":"wp","href":"https:\/\/api.w.org\/{rel}","templated":true}]}}