{"id":1268,"date":"2025-05-07T19:26:04","date_gmt":"2025-05-07T19:26:04","guid":{"rendered":"https:\/\/prettytrendshop.com\/?post_type=product&#038;p=1268"},"modified":"2025-11-05T12:20:01","modified_gmt":"2025-11-05T12:20:01","slug":"gamme-pour-peau-grasse-et-mixte","status":"publish","type":"product","link":"https:\/\/prettytrendshop.com\/index.php\/produit\/gamme-pour-peau-grasse-et-mixte\/","title":{"rendered":"GAMME POUR PEAU GRASSE ET MIXTE"},"content":{"rendered":"<h3><\/h3>\n<p>Offrez\u00a0 \u00e0 votre peau grasse ou mixte le meilleur de notre expertise : des routines sur mesure pour une peau nette, \u00e9quilibr\u00e9e et \u00e9clatante de sant\u00e9.<\/p>\n<p>1. Nettoyant Purifiant Doux :<br \/>\nCommencez toujours votre routine avec un Gel nettoyant purifiant mais non agressif qui \u00e9limine les impuret\u00e9s, l\u2019exc\u00e8s de s\u00e9bum et les r\u00e9sidus de pollution tout en respectant l\u2019\u00e9quilibre de la peau.<br \/>\nR\u00e9sultat : une peau propre, fra\u00eeche, sans tiraillements.<\/p>\n<p>Format: 260ml<\/p>\n<p>2. La Lotion Tonique Clarifiante : Cette Lotion pr\u00e9pare votre peau \u00e0 recevoir d\u00b4 autres soins. Associ\u00e9e \u00e0 l\u00b4acide hyaluronique pour une hydratation l\u00e9g\u00e8re et \u00e9quilibr\u00e9e, et en extraits de plantes apaisantes. Enrichie en extraits de sauge, debardane et d&rsquo;ortie, elle se caract\u00e9rise par ses propri\u00e9t\u00e9s purifiantes et cicatrisantes. L&rsquo;utilisation quotidienne de la lotion tonique pour le visage Aurodhea parfaite pour les peaux impures et acn\u00e9iques permet d&rsquo;obtenir une peau plus saine, plus pure et naturellement \u00e9clatante.<\/p>\n<p>Format : 150ml<\/p>\n<p>3. Gel\u00a0 pour visage Purifiant \u00e0 l\u00b4acide Salicylique :<\/p>\n<p>Le gel pour le visage purifiant avec l\u2019acide salicylique Chogan est parfait contre les taches et il agit efficacement contre l\u2019acn\u00e9 et les rougissements.Il est id\u00e9al pour les adolescents et pour les personnes avec des probl\u00e8mes d\u2019acn\u00e9, pendant des p\u00e9riodes de stress, de fatigue et des changements hormonaux ou en pr\u00e9sence d\u2019un climat chaud et humide. Les bact\u00e9ries responsables des inesth\u00e9tismes sont \u00e9limin\u00e9es et la peau est d\u00e9sinfect\u00e9e. L\u2019Aloe Vera contraste les irritations de la peau et favorise la gu\u00e9rison des plaies. La formule en gel est indiqu\u00e9e\u00a0 les peaux\u00a0 impures, soulage les rougeurs et l\u2019acn\u00e9, en exer\u00e7ant un effet l\u00e9nitif et rafra\u00eechissant.<\/p>\n<div class=\"page\" data-page-number=\"1\" data-loaded=\"true\">\n<div><\/div>\n<div class=\"textLayer\">Mode d\u00b4emploi : Appliquez sur le visage le matin et le soir apr\u00e8s le nettoyage.<\/div>\n<div>Format : 100ml<\/div>\n<div><\/div>\n<div><span style=\"font-size: 1rem;\"><span style=\"font-size: 1rem;\">4. La Cr\u00e8me Visage\u00a0 Hydratante et Nourrissante\u00a0 \u00e0 l\u00b4huile de Neem :<\/span><\/span><\/div>\n<div><\/div>\n<\/div>\n<p>La cr\u00e8me pour le visage Aurodhea \u00e0 l&rsquo;huile de Neem est id\u00e9ale pour les peaux grasses, impures, s\u00e9borrh\u00e9iques et acn\u00e9iques, m\u00eame en pr\u00e9sence de points noirs et de folliculite. Sa formulation sp\u00e9cifique exerce une action purifiante, astringente, antibact\u00e9rienne et s\u00e9bo-normalisante. Convient \u00e9galement en cas de peau d\u00e9vitalis\u00e9e, fatigu\u00e9e et au teint terne pour ses vertus r\u00e9paratrices et stimulantes. Sonapplication r\u00e9guli\u00e8re donne une peau du visage plus fra\u00eeche, \u00e9clatante, tonique et velout\u00e9e. L&rsquo;huile deNeem, en outre, en synergie avec l&rsquo;Aloe vera et l&rsquo;Acide hyaluronique, lisse les rides fines et combat les signes du vieillissement.<\/p>\n<p>Mode d\u00b4emploi : Appliquer sur le visage nettoy\u00e9 le matin et\/ou le soir .Utilisable \u00e9galement comme base de maquillage.S\u2019absorbe rapidement.<\/p>\n<p>Format: 50ml<\/p>\n<p>5. Cr\u00e8me Solaire Protectrice :<\/p>\n<p>Une protection solaire l\u00e9g\u00e8re mais efficace qui pr\u00e9serve votre peau des agressions ext\u00e9rieures (UV, pollution) sans obstruer les pores.<br \/>\nR\u00e9sultat : une peau prot\u00e9g\u00e9e, unifi\u00e9e et \u00e9clatante jour apr\u00e8s jour.<\/p>\n<p>Format: 150ml<\/p>\n<p>N\u00b0 CR11B, CR26B, GEL01, NM06B, SOL02<\/p>\n","protected":false},"excerpt":{"rendered":"<p>Offrez\u00a0 \u00e0 votre peau grasse ou mixte le meilleur de notre expertise : des routines sur mesure pour une peau nette, \u00e9quilibr\u00e9e et \u00e9clatante de sant\u00e9. 1. Nettoyant Purifiant Doux : Commencez toujours votre routine avec un Gel nettoyant purifiant mais non agressif qui \u00e9limine les impuret\u00e9s, l\u2019exc\u00e8s de s\u00e9bum et les r\u00e9sidus de pollution &hellip; <\/p>\n<p class=\"link-more\"><a href=\"https:\/\/prettytrendshop.com\/index.php\/produit\/gamme-pour-peau-grasse-et-mixte\/\" class=\"more-link\">Continuer la lecture<span class=\"screen-reader-text\"> de &laquo;&nbsp;GAMME POUR PEAU GRASSE ET MIXTE&nbsp;&raquo;<\/span><\/a><\/p>\n","protected":false},"featured_media":1270,"comment_status":"open","ping_status":"closed","template":"","meta":[],"product_brand":[],"product_cat":[107],"product_tag":[],"class_list":{"0":"post-1268","1":"product","2":"type-product","3":"status-publish","4":"has-post-thumbnail","6":"product_cat-produits-cosmetiques","8":"first","9":"instock","10":"shipping-taxable","11":"product-type-simple"},"_links":{"self":[{"href":"https:\/\/prettytrendshop.com\/index.php\/wp-json\/wp\/v2\/product\/1268","targetHints":{"allow":["GET"]}}],"collection":[{"href":"https:\/\/prettytrendshop.com\/index.php\/wp-json\/wp\/v2\/product"}],"about":[{"href":"https:\/\/prettytrendshop.com\/index.php\/wp-json\/wp\/v2\/types\/product"}],"replies":[{"embeddable":true,"href":"https:\/\/prettytrendshop.com\/index.php\/wp-json\/wp\/v2\/comments?post=1268"}],"wp:featuredmedia":[{"embeddable":true,"href":"https:\/\/prettytrendshop.com\/index.php\/wp-json\/wp\/v2\/media\/1270"}],"wp:attachment":[{"href":"https:\/\/prettytrendshop.com\/index.php\/wp-json\/wp\/v2\/media?parent=1268"}],"wp:term":[{"taxonomy":"product_brand","embeddable":true,"href":"https:\/\/prettytrendshop.com\/index.php\/wp-json\/wp\/v2\/product_brand?post=1268"},{"taxonomy":"product_cat","embeddable":true,"href":"https:\/\/prettytrendshop.com\/index.php\/wp-json\/wp\/v2\/product_cat?post=1268"},{"taxonomy":"product_tag","embeddable":true,"href":"https:\/\/prettytrendshop.com\/index.php\/wp-json\/wp\/v2\/product_tag?post=1268"}],"curies":[{"name":"wp","href":"https:\/\/api.w.org\/{rel}","templated":true}]}}