{"id":1256,"date":"2025-05-07T15:20:06","date_gmt":"2025-05-07T15:20:06","guid":{"rendered":"https:\/\/prettytrendshop.com\/?post_type=product&#038;p=1256"},"modified":"2025-05-07T15:20:45","modified_gmt":"2025-05-07T15:20:45","slug":"dentifrice-blanchissant-a-laloe-vera-n-cr33","status":"publish","type":"product","link":"https:\/\/prettytrendshop.com\/index.php\/produit\/dentifrice-blanchissant-a-laloe-vera-n-cr33\/","title":{"rendered":"DENTIFRICE BLANCHISSANT \u00e0 l\u00b4Aloe Vera N\u00b0 CR33"},"content":{"rendered":"<p>&nbsp;<\/p>\n<div class=\"page\" data-page-number=\"1\" data-loaded=\"true\">\n<div class=\"textLayer\">Le dentifrice blanchissant Aurodhea est le soin id\u00e9al pour l&rsquo;hygi\u00e8ne et la sant\u00e9 bucco-dentaire. Sa formule sans fluor, convenantaussi bien aux adultes qu&rsquo;aux enfants, exerce une action apaisante sur les gencives et les muqueuses de la bouche. En fait, l&rsquo;aloevera est utilis\u00e9 depuis des si\u00e8cles pour nettoyer les dents et la bouche gr\u00e2ce \u00e0 ses extraordinaires propri\u00e9t\u00e9s blanchissantes et anti-inflammatoires. En combinant l&rsquo;Aloe vera, le Xylitol et la Propolis, un agent antibact\u00e9rien naturel, nous avons obtenu un produit quicombat la plaque dentaire, \u00e9claircit les taches sur les dents et garantit une haleine agr\u00e9ablement fra\u00eeche pendant longtemps.<\/div>\n<div><\/div>\n<div class=\"textLayer\">TEST\u00c9 SOUS CONTR\u00d4LE DERMATOLOGIQUE<\/div>\n<div><\/div>\n<div class=\"textLayer\">Mode d\u00b4emploi : Utiliser trois fois par jour, surtout apr\u00e8s les repas. Brosser pendant au moins une minute et rincer abondamment.<\/div>\n<div><\/div>\n<div class=\"textLayer\">\n<p>Pr\u00e9caution : \u00c9viter le rejet du produitdans l&rsquo;environnement. \u00c9viter les chutes, les chocs et les manipulations inappropri\u00e9es qui pourraient entra\u00eener un d\u00e9versement duproduit. Conserver dans un endroit frais et sec, \u00e0 l&rsquo;\u00e9cart des sources de chaleur.<\/p>\n<div class=\"endOfContent\"><\/div>\n<\/div>\n<\/div>\n<div class=\"page\" data-page-number=\"2\" data-loaded=\"true\">\n<div class=\"canvasWrapper\">Format : 115g<\/div>\n<div class=\"textLayer\"><\/div>\n<\/div>\n","protected":false},"excerpt":{"rendered":"<p>&nbsp; Le dentifrice blanchissant Aurodhea est le soin id\u00e9al pour l&rsquo;hygi\u00e8ne et la sant\u00e9 bucco-dentaire. Sa formule sans fluor, convenantaussi bien aux adultes qu&rsquo;aux enfants, exerce une action apaisante sur les gencives et les muqueuses de la bouche. En fait, l&rsquo;aloevera est utilis\u00e9 depuis des si\u00e8cles pour nettoyer les dents et la bouche gr\u00e2ce \u00e0 &hellip; <\/p>\n<p class=\"link-more\"><a href=\"https:\/\/prettytrendshop.com\/index.php\/produit\/dentifrice-blanchissant-a-laloe-vera-n-cr33\/\" class=\"more-link\">Continuer la lecture<span class=\"screen-reader-text\"> de &laquo;&nbsp;DENTIFRICE BLANCHISSANT \u00e0 l\u00b4Aloe Vera N\u00b0 CR33&nbsp;&raquo;<\/span><\/a><\/p>\n","protected":false},"featured_media":1257,"comment_status":"open","ping_status":"closed","template":"","meta":[],"product_brand":[],"product_cat":[108],"product_tag":[],"class_list":{"0":"post-1256","1":"product","2":"type-product","3":"status-publish","4":"has-post-thumbnail","6":"product_cat-soins-beaute","8":"first","9":"instock","10":"shipping-taxable","11":"purchasable","12":"product-type-simple"},"_links":{"self":[{"href":"https:\/\/prettytrendshop.com\/index.php\/wp-json\/wp\/v2\/product\/1256","targetHints":{"allow":["GET"]}}],"collection":[{"href":"https:\/\/prettytrendshop.com\/index.php\/wp-json\/wp\/v2\/product"}],"about":[{"href":"https:\/\/prettytrendshop.com\/index.php\/wp-json\/wp\/v2\/types\/product"}],"replies":[{"embeddable":true,"href":"https:\/\/prettytrendshop.com\/index.php\/wp-json\/wp\/v2\/comments?post=1256"}],"wp:featuredmedia":[{"embeddable":true,"href":"https:\/\/prettytrendshop.com\/index.php\/wp-json\/wp\/v2\/media\/1257"}],"wp:attachment":[{"href":"https:\/\/prettytrendshop.com\/index.php\/wp-json\/wp\/v2\/media?parent=1256"}],"wp:term":[{"taxonomy":"product_brand","embeddable":true,"href":"https:\/\/prettytrendshop.com\/index.php\/wp-json\/wp\/v2\/product_brand?post=1256"},{"taxonomy":"product_cat","embeddable":true,"href":"https:\/\/prettytrendshop.com\/index.php\/wp-json\/wp\/v2\/product_cat?post=1256"},{"taxonomy":"product_tag","embeddable":true,"href":"https:\/\/prettytrendshop.com\/index.php\/wp-json\/wp\/v2\/product_tag?post=1256"}],"curies":[{"name":"wp","href":"https:\/\/api.w.org\/{rel}","templated":true}]}}