{"id":1229,"date":"2025-05-05T15:04:37","date_gmt":"2025-05-05T15:04:37","guid":{"rendered":"https:\/\/prettytrendshop.com\/?post_type=product&#038;p=1229"},"modified":"2025-05-05T15:14:34","modified_gmt":"2025-05-05T15:14:34","slug":"huile-pure-de-jojoba-n-u05b-huile","status":"publish","type":"product","link":"https:\/\/prettytrendshop.com\/index.php\/produit\/huile-pure-de-jojoba-n-u05b-huile\/","title":{"rendered":"HUILE PURE DE JOJOBA  100 % NATURELLE N\u00b0 U05B"},"content":{"rendered":"<p>&nbsp;<\/p>\n<div class=\"page\" data-page-number=\"1\" data-loaded=\"true\">\n<div class=\"textLayer\">\u00a0PROPRI\u00c9T\u00c9S\u00a0 ET\u00a0 BIENFAITS :<\/div>\n<div><\/div>\n<div class=\"textLayer\">L&rsquo;huile de jojoba est une cire liquide qui revitalise, r\u00e9g\u00e9n\u00e8re et apaise les peaux irrit\u00e9es, en lesrenfor\u00e7ant et en pr\u00e9venant la formation de rides. Sa facilit\u00e9 d&rsquo;absorption et sa grande capacit\u00e9 \u00e0 p\u00e9n\u00e9trer \u00e0 travers les petits poresde l&rsquo;\u00e9piderme, le laissant lisse et soyeux, conf\u00e8rent \u00e0 l&rsquo;huile de jojoba une excellente action hydratante. C&rsquo;est pourquoi elle est utilis\u00e9e dans les cosm\u00e9tiques naturels pure ou combin\u00e9e \u00e0 d&rsquo;autres huiles v\u00e9g\u00e9tales pour les rendre plus absorbables, ou encorecomme support pour les huiles essentielles. Elle exerce une action similaire \u00e0 celle du s\u00e9bum humain, une substance huileuse quisert \u00e0 maintenir l&rsquo;hydratation de la peau et \u00e0 la prot\u00e9ger des agressions ext\u00e9rieures (bact\u00e9ries, soleil, vent, produits chimiquespr\u00e9sents dans l&rsquo;air), \u00e9vitant ainsi qu&rsquo;elle ne se dess\u00e8che et ne s&rsquo;irrite. Lorsque le manteau hydrolipidique naturel de la peau faitd\u00e9faut en raison de l&rsquo;utilisation de nettoyants agressifs, de l&rsquo;exposition au soleil ou d&rsquo;un manque d&rsquo;hydratation, des irritations ou des desquamations peuvent survenir.<\/div>\n<div><\/div>\n<div class=\"textLayer\"><\/div>\n<div class=\"textLayer\">MODE D&rsquo;EMPLOI :<\/div>\n<div><\/div>\n<div class=\"textLayer\">Visage :\u00a0 Sa capacit\u00e9 \u00e0 p\u00e9n\u00e9trer parfaitement la peau, sans \u00eatre grasse, la rend particuli\u00e8rement adapt\u00e9e \u00e0 la peau du visage, surlaquelle elle agit en contrant le vieillissement pr\u00e9matur\u00e9 des tissus. Dans le cas des peaux s\u00e8ches, sensibles et d\u00e9licates, les plusexpos\u00e9es \u00e0 l&rsquo;action du temps, l&rsquo;huile de jojoba aide \u00e0 pr\u00e9venir et \u00e0 r\u00e9duire la formation des rides.<\/div>\n<div class=\"textLayer\">Elle doit \u00eatre appliqu\u00e9e quotidiennement sur une peau propre par un l\u00e9ger massage, soit pure, soit ajout\u00e9e \u00e0 la cr\u00e8me de jour habituelle.<\/div>\n<div><\/div>\n<div class=\"textLayer\">Cheveux : Il est conseill\u00e9 de r\u00e9partir quelques gouttes d&rsquo;huile de jojoba sur toute la longueur des cheveux, de masser d\u00e9licatement les pointes et del&rsquo;appliquer sur cheveux humides. Laisser agir pendant environ une heure et proc\u00e9der au lavage. Son utilisation contribue \u00e0 nourrir et\u00e0 renforcer les cheveux, en \u00e9vitant la formation de pointes fourchues. Pour cette raison, elle peut \u00eatre utilis\u00e9e en quelques gouttes apr\u00e8s le shampooing, sur les cheveux secs, pour les polir et les adoucir.<\/div>\n<div class=\"textLayer\">\n<div class=\"endOfContent\">Pr\u00e9caution :<\/div>\n<\/div>\n<\/div>\n<div>Prot\u00e9ger de la lumi\u00e8re directe et des sources de chaleur. Son utilisation est bien tol\u00e9r\u00e9e par la peau, mais le traitement topique doit \u00eatre interrompu en cas d&rsquo;hypersensibilit\u00e9 et d&rsquo;allergie \u00e0 l&rsquo;huile de jojoba.<\/div>\n<div>Ingr\u00e9dients : (INCI)Simmondsia Chinensis Seed Oil.<\/div>\n<div><\/div>\n<div>\u00a0Format :\u00a0 100 ml<\/div>\n<div><\/div>\n<div class=\"page\" data-page-number=\"2\" data-loaded=\"true\">\n<div class=\"canvasWrapper\">Test\u00e9 sous contr\u00f4le dermatologique<\/div>\n<div class=\"textLayer\"><\/div>\n<\/div>\n","protected":false},"excerpt":{"rendered":"<p>&nbsp; \u00a0PROPRI\u00c9T\u00c9S\u00a0 ET\u00a0 BIENFAITS : L&rsquo;huile de jojoba est une cire liquide qui revitalise, r\u00e9g\u00e9n\u00e8re et apaise les peaux irrit\u00e9es, en lesrenfor\u00e7ant et en pr\u00e9venant la formation de rides. Sa facilit\u00e9 d&rsquo;absorption et sa grande capacit\u00e9 \u00e0 p\u00e9n\u00e9trer \u00e0 travers les petits poresde l&rsquo;\u00e9piderme, le laissant lisse et soyeux, conf\u00e8rent \u00e0 l&rsquo;huile de jojoba une &hellip; <\/p>\n<p class=\"link-more\"><a href=\"https:\/\/prettytrendshop.com\/index.php\/produit\/huile-pure-de-jojoba-n-u05b-huile\/\" class=\"more-link\">Continuer la lecture<span class=\"screen-reader-text\"> de &laquo;&nbsp;HUILE PURE DE JOJOBA  100 % NATURELLE N\u00b0 U05B&nbsp;&raquo;<\/span><\/a><\/p>\n","protected":false},"featured_media":1230,"comment_status":"open","ping_status":"closed","template":"","meta":[],"product_brand":[],"product_cat":[114],"product_tag":[],"class_list":{"0":"post-1229","1":"product","2":"type-product","3":"status-publish","4":"has-post-thumbnail","6":"product_cat-huiles-vegetales-essentielles","8":"first","9":"instock","10":"shipping-taxable","11":"purchasable","12":"product-type-simple"},"_links":{"self":[{"href":"https:\/\/prettytrendshop.com\/index.php\/wp-json\/wp\/v2\/product\/1229","targetHints":{"allow":["GET"]}}],"collection":[{"href":"https:\/\/prettytrendshop.com\/index.php\/wp-json\/wp\/v2\/product"}],"about":[{"href":"https:\/\/prettytrendshop.com\/index.php\/wp-json\/wp\/v2\/types\/product"}],"replies":[{"embeddable":true,"href":"https:\/\/prettytrendshop.com\/index.php\/wp-json\/wp\/v2\/comments?post=1229"}],"wp:featuredmedia":[{"embeddable":true,"href":"https:\/\/prettytrendshop.com\/index.php\/wp-json\/wp\/v2\/media\/1230"}],"wp:attachment":[{"href":"https:\/\/prettytrendshop.com\/index.php\/wp-json\/wp\/v2\/media?parent=1229"}],"wp:term":[{"taxonomy":"product_brand","embeddable":true,"href":"https:\/\/prettytrendshop.com\/index.php\/wp-json\/wp\/v2\/product_brand?post=1229"},{"taxonomy":"product_cat","embeddable":true,"href":"https:\/\/prettytrendshop.com\/index.php\/wp-json\/wp\/v2\/product_cat?post=1229"},{"taxonomy":"product_tag","embeddable":true,"href":"https:\/\/prettytrendshop.com\/index.php\/wp-json\/wp\/v2\/product_tag?post=1229"}],"curies":[{"name":"wp","href":"https:\/\/api.w.org\/{rel}","templated":true}]}}