{"id":1210,"date":"2025-05-04T19:31:01","date_gmt":"2025-05-04T19:31:01","guid":{"rendered":"https:\/\/prettytrendshop.com\/?post_type=product&#038;p=1210"},"modified":"2025-05-04T20:14:30","modified_gmt":"2025-05-04T20:14:30","slug":"parfum-n-051","status":"publish","type":"product","link":"https:\/\/prettytrendshop.com\/index.php\/produit\/parfum-n-051\/","title":{"rendered":"PARFUM  N\u00b0 051"},"content":{"rendered":"<div class=\"page\" data-page-number=\"1\" data-loaded=\"true\">\n<div><\/div>\n<div class=\"textLayer\">Un parfum aussi l\u00e9ger et frais qu&rsquo;un p\u00e9tale qui exprime en m\u00eame temps la sensualit\u00e9 profonde d&rsquo;une femme brillante et un peurebelle, qui sait ce qu&rsquo;elle veut, . C&rsquo;est un parfum dans lequel les notes florales et orientales pr\u00e9dominent avec leur incroyablefra\u00eecheur et joie de vivre.<\/div>\n<div><\/div>\n<div class=\"textLayer\">Fragrance : L&rsquo;essence d&rsquo;une femme libre et audacieuse. Un oriental f\u00e9minin au caract\u00e8re fort, incroyablement frais.<\/div>\n<\/div>\n<div><\/div>\n<div class=\"page\" data-page-number=\"1\" data-loaded=\"true\">\n<div>\n<p><strong>Pyramide olfactive:<\/strong><\/p>\n<p><strong>.\u00a0 \u00a0 \u00a0Notes de t\u00eate:<\/strong>\u00a0Bergamote, Fleur d&rsquo;oranger, Mandarine, Orange<\/p>\n<p><strong>.\u00a0 \u00a0 Notes de c\u0153ur:<\/strong>\u00a0Jasmin, Mimosa, Rose, Ylang-ylang<\/p>\n<p><strong>.\u00a0 \u00a0 Notes de fond<\/strong>: f\u00e8ve tonka, Musc, Opoponax de Somalie, Patchouli, Vanille, V\u00e9tiver<\/p>\n<\/div>\n<div class=\"textLayer\">Mode d\u00b4emploi : Vaporiser une petite quantit\u00e9 de parfum directement sur la zone pr\u00e9f\u00e9r\u00e9e : sur le cou, derri\u00e8re les lobes d&rsquo;oreille. Ou bien, vaporiserle parfum devant soi et s&rsquo;immerger dans le nuage parfum\u00e9<\/div>\n<div><\/div>\n<\/div>\n<div>\n<p><strong>Ingrdients (INCI) :<\/strong>\u00a0Alcohol denat, parfum, alpha-isomethyl ionone, benzyl salicylate, hydroxycitronellal, geraniol, coumarin,linalool, eugenol<\/p>\n<\/div>\n<div>Format : 70ml<\/div>\n<div class=\"page\" data-page-number=\"2\" data-loaded=\"true\">\n<div class=\"canvasWrapper\"><\/div>\n<div class=\"textLayer\"><\/div>\n<\/div>\n","protected":false},"excerpt":{"rendered":"<p>Un parfum aussi l\u00e9ger et frais qu&rsquo;un p\u00e9tale qui exprime en m\u00eame temps la sensualit\u00e9 profonde d&rsquo;une femme brillante et un peurebelle, qui sait ce qu&rsquo;elle veut, . C&rsquo;est un parfum dans lequel les notes florales et orientales pr\u00e9dominent avec leur incroyablefra\u00eecheur et joie de vivre. Fragrance : L&rsquo;essence d&rsquo;une femme libre et audacieuse. Un &hellip; <\/p>\n<p class=\"link-more\"><a href=\"https:\/\/prettytrendshop.com\/index.php\/produit\/parfum-n-051\/\" class=\"more-link\">Continuer la lecture<span class=\"screen-reader-text\"> de &laquo;&nbsp;PARFUM  N\u00b0 051&nbsp;&raquo;<\/span><\/a><\/p>\n","protected":false},"featured_media":911,"comment_status":"open","ping_status":"closed","template":"","meta":[],"product_brand":[],"product_cat":[15],"product_tag":[],"class_list":{"0":"post-1210","1":"product","2":"type-product","3":"status-publish","4":"has-post-thumbnail","6":"product_cat-parfums","8":"first","9":"instock","10":"shipping-taxable","11":"purchasable","12":"product-type-simple"},"_links":{"self":[{"href":"https:\/\/prettytrendshop.com\/index.php\/wp-json\/wp\/v2\/product\/1210","targetHints":{"allow":["GET"]}}],"collection":[{"href":"https:\/\/prettytrendshop.com\/index.php\/wp-json\/wp\/v2\/product"}],"about":[{"href":"https:\/\/prettytrendshop.com\/index.php\/wp-json\/wp\/v2\/types\/product"}],"replies":[{"embeddable":true,"href":"https:\/\/prettytrendshop.com\/index.php\/wp-json\/wp\/v2\/comments?post=1210"}],"wp:featuredmedia":[{"embeddable":true,"href":"https:\/\/prettytrendshop.com\/index.php\/wp-json\/wp\/v2\/media\/911"}],"wp:attachment":[{"href":"https:\/\/prettytrendshop.com\/index.php\/wp-json\/wp\/v2\/media?parent=1210"}],"wp:term":[{"taxonomy":"product_brand","embeddable":true,"href":"https:\/\/prettytrendshop.com\/index.php\/wp-json\/wp\/v2\/product_brand?post=1210"},{"taxonomy":"product_cat","embeddable":true,"href":"https:\/\/prettytrendshop.com\/index.php\/wp-json\/wp\/v2\/product_cat?post=1210"},{"taxonomy":"product_tag","embeddable":true,"href":"https:\/\/prettytrendshop.com\/index.php\/wp-json\/wp\/v2\/product_tag?post=1210"}],"curies":[{"name":"wp","href":"https:\/\/api.w.org\/{rel}","templated":true}]}}