{"id":1187,"date":"2025-05-04T12:17:06","date_gmt":"2025-05-04T12:17:06","guid":{"rendered":"https:\/\/prettytrendshop.com\/?post_type=product&#038;p=1187"},"modified":"2025-05-04T18:01:32","modified_gmt":"2025-05-04T18:01:32","slug":"parfum-n-084","status":"publish","type":"product","link":"https:\/\/prettytrendshop.com\/index.php\/produit\/parfum-n-084\/","title":{"rendered":"PARFUM N\u00b0 084"},"content":{"rendered":"<p>&nbsp;<\/p>\n<div class=\"page\" data-page-number=\"1\" data-loaded=\"true\">\n<div class=\"textLayer\">Un parfum qui transmet la force et la passion implacable, aussi imparable que les vagues de la mer. Laisse-toi surprendre par unparfum qui englobe les senteurs sensuelles de la M\u00e9diterran\u00e9e et des accords aromatiques irr\u00e9sistibles<\/div>\n<div><\/div>\n<div class=\"textLayer\">Fragrance : Des notes aquatiques et d&rsquo;agrumes ouvrent le parfum avec des accords frais. Les senteurs enveloppantes du poivre noir et dupatchouli forment le c\u0153ur du parfum. La base est accentu\u00e9e par une combinaison s\u00e9duisante de Musc, de F\u00e8ve Tonka et deSafran.<\/div>\n<div><\/div>\n<\/div>\n<div>\n<p><strong>Pyramide olfactive :<\/strong><\/p>\n<p><strong>.\u00a0 \u00a0 \u00a0Notes de t\u00eate<\/strong>: Bergamote, Feuille de figuier, Notes aquatiques, Pamplemousse<\/p>\n<p><strong>.\u00a0 \u00a0 \u00a0Notes de c\u0153ur<\/strong>: \u00a0Ambroxan, Feuille de violette, Papyrus, Patchouli, Poivre<\/p>\n<p><strong>.\u00a0 \u00a0 \u00a0Notes de fond:<\/strong>\u00a0Encens, f\u00e8ve tonka, Musc, Safran<\/p>\n<\/div>\n<div class=\"page\" data-page-number=\"1\" data-loaded=\"true\">\n<div class=\"textLayer\">\n<p>Mode d\u00b4emploi : Vaporiser une petite quantit\u00e9 de parfum directement sur la zone pr\u00e9f\u00e9r\u00e9e : sur le cou, derri\u00e8re les lobes d&rsquo;oreille, dans le creux de lapoitrine. Ou bien, vaporiser le parfum devant soi et s&rsquo;immerger dans le nuage parfum\u00e9.<\/p>\n<div class=\"product__description rte quick-add-hidden\">\n<p><strong>.\u00a0 \u00a0 \u00a0Ingredients (INCI) : <\/strong>Alcohol denat, parfum, limonene, linalool, citronellol, citral, coumarin, geraniol, benzyl benzoate<\/p>\n<p><span style=\"font-size: 1rem;\">\u00a0Format :\u00a0 70ml<\/span><\/p>\n<\/div>\n<\/div>\n<\/div>\n<div class=\"page\" data-page-number=\"2\" data-loaded=\"true\">\n<div class=\"textLayer\"><\/div>\n<\/div>\n","protected":false},"excerpt":{"rendered":"<p>&nbsp; Un parfum qui transmet la force et la passion implacable, aussi imparable que les vagues de la mer. Laisse-toi surprendre par unparfum qui englobe les senteurs sensuelles de la M\u00e9diterran\u00e9e et des accords aromatiques irr\u00e9sistibles Fragrance : Des notes aquatiques et d&rsquo;agrumes ouvrent le parfum avec des accords frais. Les senteurs enveloppantes du poivre &hellip; <\/p>\n<p class=\"link-more\"><a href=\"https:\/\/prettytrendshop.com\/index.php\/produit\/parfum-n-084\/\" class=\"more-link\">Continuer la lecture<span class=\"screen-reader-text\"> de &laquo;&nbsp;PARFUM N\u00b0 084&nbsp;&raquo;<\/span><\/a><\/p>\n","protected":false},"featured_media":1133,"comment_status":"open","ping_status":"closed","template":"","meta":[],"product_brand":[],"product_cat":[15],"product_tag":[],"class_list":{"0":"post-1187","1":"product","2":"type-product","3":"status-publish","4":"has-post-thumbnail","6":"product_cat-parfums","8":"first","9":"instock","10":"shipping-taxable","11":"purchasable","12":"product-type-simple"},"_links":{"self":[{"href":"https:\/\/prettytrendshop.com\/index.php\/wp-json\/wp\/v2\/product\/1187","targetHints":{"allow":["GET"]}}],"collection":[{"href":"https:\/\/prettytrendshop.com\/index.php\/wp-json\/wp\/v2\/product"}],"about":[{"href":"https:\/\/prettytrendshop.com\/index.php\/wp-json\/wp\/v2\/types\/product"}],"replies":[{"embeddable":true,"href":"https:\/\/prettytrendshop.com\/index.php\/wp-json\/wp\/v2\/comments?post=1187"}],"wp:featuredmedia":[{"embeddable":true,"href":"https:\/\/prettytrendshop.com\/index.php\/wp-json\/wp\/v2\/media\/1133"}],"wp:attachment":[{"href":"https:\/\/prettytrendshop.com\/index.php\/wp-json\/wp\/v2\/media?parent=1187"}],"wp:term":[{"taxonomy":"product_brand","embeddable":true,"href":"https:\/\/prettytrendshop.com\/index.php\/wp-json\/wp\/v2\/product_brand?post=1187"},{"taxonomy":"product_cat","embeddable":true,"href":"https:\/\/prettytrendshop.com\/index.php\/wp-json\/wp\/v2\/product_cat?post=1187"},{"taxonomy":"product_tag","embeddable":true,"href":"https:\/\/prettytrendshop.com\/index.php\/wp-json\/wp\/v2\/product_tag?post=1187"}],"curies":[{"name":"wp","href":"https:\/\/api.w.org\/{rel}","templated":true}]}}