{"id":1185,"date":"2025-05-04T11:41:39","date_gmt":"2025-05-04T11:41:39","guid":{"rendered":"https:\/\/prettytrendshop.com\/?post_type=product&#038;p=1185"},"modified":"2025-05-04T18:09:34","modified_gmt":"2025-05-04T18:09:34","slug":"parfum-n-033","status":"publish","type":"product","link":"https:\/\/prettytrendshop.com\/index.php\/produit\/parfum-n-033\/","title":{"rendered":"PARFUM N\u00b0 033"},"content":{"rendered":"<p>&nbsp;<\/p>\n<div class=\"page\" data-page-number=\"1\" data-loaded=\"true\">\n<div class=\"textLayer\">Ce Parfum est un Charme naturel plein de\u00a0 myst\u00e8re captivant. Une \u00e2me s\u00e9duisante pour un homme confiant.La philosophie de ce parfum est la s\u00e9duction magn\u00e9tique et moderne.<\/div>\n<div><\/div>\n<div class=\"textLayer\">Fragrance : Un parfum qui associe un cocktail d&rsquo;agrumes (bergamote et citron) \u00e0 des notes d\u00e9licates de fleur d&rsquo;olivier et \u00e0 des notes fortes d&rsquo;anis\u00e9toil\u00e9 et de bois de ga\u00efac.Les notes de fond de Tabac et de F\u00e8ve Tonka r\u00e9chauffent le parfum et le rendent enveloppant et sensuel.<\/div>\n<div><\/div>\n<\/div>\n<div>\n<p><strong>Pyramide olfactive:<\/strong><\/p>\n<p><strong>.\u00a0 \u00a0 \u00a0Notes de t\u00eate<\/strong>:\u00a0Bergamote, Citron<\/p>\n<p><strong>.\u00a0 \u00a0 Notes de c\u0153ur<\/strong>:\u00a0Badiane de Chine, Fleur d&rsquo;olivier, Ga\u00efac<\/p>\n<p><strong>.\u00a0 \u00a0 Notes de fond:<\/strong>\u00a0Cuir, f\u00e8ve tonka, Tabac<\/p>\n<\/div>\n<div class=\"page\" data-page-number=\"1\" data-loaded=\"true\">\n<div class=\"textLayer\">Mode d\u00b4emploi :Vaporiser une petite quantit\u00e9 de parfum directement sur la zone pr\u00e9f\u00e9r\u00e9e : sur le cou, derri\u00e8re les lobes d&rsquo;oreille. Ou bien, vaporiserle parfum devant soi et s&rsquo;immerger dans le nuage parfum<strong>.\u00a0 \u00a0 \u00a0Ingrdients (INCI): <\/strong>Alcohol denat., parfum, linalool, limonene, alpha-isomethyl ionone, geraniol, citral, citronellol, eugenol.<\/p>\n<\/div>\n<\/div>\n<div><span style=\"font-size: 1rem;\">Format : 70ml<\/span><\/div>\n<div class=\"page\" data-page-number=\"2\" data-loaded=\"true\">\n<div class=\"canvasWrapper\"><\/div>\n<div class=\"textLayer\"><\/div>\n<\/div>\n","protected":false},"excerpt":{"rendered":"<p>&nbsp; Ce Parfum est un Charme naturel plein de\u00a0 myst\u00e8re captivant. Une \u00e2me s\u00e9duisante pour un homme confiant.La philosophie de ce parfum est la s\u00e9duction magn\u00e9tique et moderne. Fragrance : Un parfum qui associe un cocktail d&rsquo;agrumes (bergamote et citron) \u00e0 des notes d\u00e9licates de fleur d&rsquo;olivier et \u00e0 des notes fortes d&rsquo;anis\u00e9toil\u00e9 et de &hellip; <\/p>\n<p class=\"link-more\"><a href=\"https:\/\/prettytrendshop.com\/index.php\/produit\/parfum-n-033\/\" class=\"more-link\">Continuer la lecture<span class=\"screen-reader-text\"> de &laquo;&nbsp;PARFUM N\u00b0 033&nbsp;&raquo;<\/span><\/a><\/p>\n","protected":false},"featured_media":1133,"comment_status":"open","ping_status":"closed","template":"","meta":[],"product_brand":[],"product_cat":[15],"product_tag":[],"class_list":{"0":"post-1185","1":"product","2":"type-product","3":"status-publish","4":"has-post-thumbnail","6":"product_cat-parfums","8":"first","9":"instock","10":"shipping-taxable","11":"purchasable","12":"product-type-simple"},"_links":{"self":[{"href":"https:\/\/prettytrendshop.com\/index.php\/wp-json\/wp\/v2\/product\/1185","targetHints":{"allow":["GET"]}}],"collection":[{"href":"https:\/\/prettytrendshop.com\/index.php\/wp-json\/wp\/v2\/product"}],"about":[{"href":"https:\/\/prettytrendshop.com\/index.php\/wp-json\/wp\/v2\/types\/product"}],"replies":[{"embeddable":true,"href":"https:\/\/prettytrendshop.com\/index.php\/wp-json\/wp\/v2\/comments?post=1185"}],"wp:featuredmedia":[{"embeddable":true,"href":"https:\/\/prettytrendshop.com\/index.php\/wp-json\/wp\/v2\/media\/1133"}],"wp:attachment":[{"href":"https:\/\/prettytrendshop.com\/index.php\/wp-json\/wp\/v2\/media?parent=1185"}],"wp:term":[{"taxonomy":"product_brand","embeddable":true,"href":"https:\/\/prettytrendshop.com\/index.php\/wp-json\/wp\/v2\/product_brand?post=1185"},{"taxonomy":"product_cat","embeddable":true,"href":"https:\/\/prettytrendshop.com\/index.php\/wp-json\/wp\/v2\/product_cat?post=1185"},{"taxonomy":"product_tag","embeddable":true,"href":"https:\/\/prettytrendshop.com\/index.php\/wp-json\/wp\/v2\/product_tag?post=1185"}],"curies":[{"name":"wp","href":"https:\/\/api.w.org\/{rel}","templated":true}]}}