{"id":1183,"date":"2025-05-04T11:28:04","date_gmt":"2025-05-04T11:28:04","guid":{"rendered":"https:\/\/prettytrendshop.com\/?post_type=product&#038;p=1183"},"modified":"2025-05-04T18:13:37","modified_gmt":"2025-05-04T18:13:37","slug":"parfum-n-018","status":"publish","type":"product","link":"https:\/\/prettytrendshop.com\/index.php\/produit\/parfum-n-018\/","title":{"rendered":"PARFUM N\u00b0 018"},"content":{"rendered":"<p>&nbsp;<\/p>\n<div class=\"page\" data-page-number=\"1\" data-loaded=\"true\">\n<div class=\"textLayer\">Le parfum pour l&rsquo;homme qui dit des mots qui comptent, s\u00fbr de ses choix et de ses sentiments ; une essence pleine d&rsquo;\u00e9motions,inoubliable au charme unique.<\/div>\n<div><\/div>\n<div class=\"textLayer\">Fragrance : Ce parfum est bas\u00e9 sur le contraste entre deux mati\u00e8res premi\u00e8res naturelles \u00e0 fort caract\u00e8re : les \u00e9pices et les bois.<\/div>\n<div><\/div>\n<\/div>\n<div class=\"textLayer\">\n<p><strong>Pyramide olfactive:<\/strong><\/p>\n<p><strong>.\u00a0 \u00a0 \u00a0Notes de t\u00eate: <\/strong>Armoise, Bergamote, Bigarade, Bouleau, Carvi, Coriandre, Mandarine, N\u00e9roli.<\/p>\n<p><strong>.\u00a0 \u00a0 \u00a0Notes de c\u0153ur<\/strong>: Cannelle, Cardamome, Gen\u00e9vrier, Gingembre, Iris, Jasmin, Poivre, Racine d&rsquo;iris.<\/p>\n<p><strong>.\u00a0 \u00a0 Notes de fond:<\/strong>\u00a0Ambre, C\u00e8dre, Cuir, Mousse de ch\u00eane, Th\u00e9, V\u00e9tiver.<\/p>\n<div class=\"textLayer\">Mode d\u00b4emploi : Vaporiser une petite quantit\u00e9 de parfum directement sur la zone pr\u00e9f\u00e9r\u00e9e : sur le cou, derri\u00e8re les lobes d&rsquo;oreille. Ou bien, vaporiserle parfum devant soi et s&rsquo;immerger dans le nuage parfum\u00e9<\/div>\n<\/div>\n<div><\/div>\n<div class=\"textLayer\">\n<div>\n<ul>\n<li><strong>Ingredients (INCI): <\/strong>Alcohol denat, parfum, linalool, limonene, hexyl cinnamal, citronellol, coumarin, geraniol, citral, isoeugenol,eugenol<\/li>\n<\/ul>\n<\/div>\n<p><strong>Format <\/strong>: 70ml<\/p>\n<\/div>\n<div><\/div>\n","protected":false},"excerpt":{"rendered":"<p>&nbsp; Le parfum pour l&rsquo;homme qui dit des mots qui comptent, s\u00fbr de ses choix et de ses sentiments ; une essence pleine d&rsquo;\u00e9motions,inoubliable au charme unique. Fragrance : Ce parfum est bas\u00e9 sur le contraste entre deux mati\u00e8res premi\u00e8res naturelles \u00e0 fort caract\u00e8re : les \u00e9pices et les bois. Pyramide olfactive: .\u00a0 \u00a0 \u00a0Notes &hellip; <\/p>\n<p class=\"link-more\"><a href=\"https:\/\/prettytrendshop.com\/index.php\/produit\/parfum-n-018\/\" class=\"more-link\">Continuer la lecture<span class=\"screen-reader-text\"> de &laquo;&nbsp;PARFUM N\u00b0 018&nbsp;&raquo;<\/span><\/a><\/p>\n","protected":false},"featured_media":1133,"comment_status":"open","ping_status":"closed","template":"","meta":[],"product_brand":[],"product_cat":[15],"product_tag":[],"class_list":{"0":"post-1183","1":"product","2":"type-product","3":"status-publish","4":"has-post-thumbnail","6":"product_cat-parfums","8":"first","9":"instock","10":"shipping-taxable","11":"purchasable","12":"product-type-simple"},"_links":{"self":[{"href":"https:\/\/prettytrendshop.com\/index.php\/wp-json\/wp\/v2\/product\/1183","targetHints":{"allow":["GET"]}}],"collection":[{"href":"https:\/\/prettytrendshop.com\/index.php\/wp-json\/wp\/v2\/product"}],"about":[{"href":"https:\/\/prettytrendshop.com\/index.php\/wp-json\/wp\/v2\/types\/product"}],"replies":[{"embeddable":true,"href":"https:\/\/prettytrendshop.com\/index.php\/wp-json\/wp\/v2\/comments?post=1183"}],"wp:featuredmedia":[{"embeddable":true,"href":"https:\/\/prettytrendshop.com\/index.php\/wp-json\/wp\/v2\/media\/1133"}],"wp:attachment":[{"href":"https:\/\/prettytrendshop.com\/index.php\/wp-json\/wp\/v2\/media?parent=1183"}],"wp:term":[{"taxonomy":"product_brand","embeddable":true,"href":"https:\/\/prettytrendshop.com\/index.php\/wp-json\/wp\/v2\/product_brand?post=1183"},{"taxonomy":"product_cat","embeddable":true,"href":"https:\/\/prettytrendshop.com\/index.php\/wp-json\/wp\/v2\/product_cat?post=1183"},{"taxonomy":"product_tag","embeddable":true,"href":"https:\/\/prettytrendshop.com\/index.php\/wp-json\/wp\/v2\/product_tag?post=1183"}],"curies":[{"name":"wp","href":"https:\/\/api.w.org\/{rel}","templated":true}]}}