{"id":1152,"date":"2025-05-03T22:29:20","date_gmt":"2025-05-03T22:29:20","guid":{"rendered":"https:\/\/prettytrendshop.com\/?post_type=product&#038;p=1152"},"modified":"2025-05-03T22:29:25","modified_gmt":"2025-05-03T22:29:25","slug":"parfum-n-129","status":"publish","type":"product","link":"https:\/\/prettytrendshop.com\/index.php\/produit\/parfum-n-129\/","title":{"rendered":"PARFUM N\u00b0 129"},"content":{"rendered":"<p>&nbsp;<\/p>\n<p>Un parfum oriental innovant dans lequel les senteurs fra\u00eeches de la M\u00e9diterran\u00e9e s&rsquo;associent aux notessensuelles et r\u00eaveuses de l&rsquo;ambre et de la vanille. Un parfum parfait pour les femmes et les hommes,capable de caresser les sens et de transmettre une charge d&rsquo;\u00e9nergie.<\/p>\n<p>FRAGRANCELe parfum s&rsquo;ouvre sur une explosion de notes d&rsquo;agrumes (Citron, Bergamote et Orange), entrelac\u00e9es en c\u0153ur avec des notes fruit\u00e9essucr\u00e9es et juteuses.Pour conclure, une douce \u00e9treinte de Vanille avec une touche sensuelle d&rsquo;Ambre et de Musc blanc rend ce parfum unique.<\/p>\n<p>Mode d\u00b4emploi : Vaporisez une petite quantit\u00e9 de parfum directement sur la zone que vous pr\u00e9f\u00e9rez : sur le cou, derri\u00e8reles lobes des oreilles, dans le creux de la poitrine. Ou bien, vaporisez le parfum devant vous et immergez-vous dans le nuage parfum\u00e9.<\/p>\n<p>Ingr\u00e9dients (INCI) : Alcohol denat, parfum, limonene, benzyl salicylate, hexyl cinnamal, alpha-isomethyl ionone, linalool,hydroxycitronellal, coumarin, citronellol, citral, anise alcohol.<\/p>\n<p>Format : 50ml<\/p>\n","protected":false},"excerpt":{"rendered":"<p>&nbsp; Un parfum oriental innovant dans lequel les senteurs fra\u00eeches de la M\u00e9diterran\u00e9e s&rsquo;associent aux notessensuelles et r\u00eaveuses de l&rsquo;ambre et de la vanille. Un parfum parfait pour les femmes et les hommes,capable de caresser les sens et de transmettre une charge d&rsquo;\u00e9nergie. FRAGRANCELe parfum s&rsquo;ouvre sur une explosion de notes d&rsquo;agrumes (Citron, Bergamote et &hellip; <\/p>\n<p class=\"link-more\"><a href=\"https:\/\/prettytrendshop.com\/index.php\/produit\/parfum-n-129\/\" class=\"more-link\">Continuer la lecture<span class=\"screen-reader-text\"> de &laquo;&nbsp;PARFUM N\u00b0 129&nbsp;&raquo;<\/span><\/a><\/p>\n","protected":false},"featured_media":1153,"comment_status":"open","ping_status":"closed","template":"","meta":[],"product_brand":[],"product_cat":[15],"product_tag":[],"class_list":{"0":"post-1152","1":"product","2":"type-product","3":"status-publish","4":"has-post-thumbnail","6":"product_cat-parfums","8":"first","9":"instock","10":"shipping-taxable","11":"purchasable","12":"product-type-simple"},"_links":{"self":[{"href":"https:\/\/prettytrendshop.com\/index.php\/wp-json\/wp\/v2\/product\/1152","targetHints":{"allow":["GET"]}}],"collection":[{"href":"https:\/\/prettytrendshop.com\/index.php\/wp-json\/wp\/v2\/product"}],"about":[{"href":"https:\/\/prettytrendshop.com\/index.php\/wp-json\/wp\/v2\/types\/product"}],"replies":[{"embeddable":true,"href":"https:\/\/prettytrendshop.com\/index.php\/wp-json\/wp\/v2\/comments?post=1152"}],"wp:featuredmedia":[{"embeddable":true,"href":"https:\/\/prettytrendshop.com\/index.php\/wp-json\/wp\/v2\/media\/1153"}],"wp:attachment":[{"href":"https:\/\/prettytrendshop.com\/index.php\/wp-json\/wp\/v2\/media?parent=1152"}],"wp:term":[{"taxonomy":"product_brand","embeddable":true,"href":"https:\/\/prettytrendshop.com\/index.php\/wp-json\/wp\/v2\/product_brand?post=1152"},{"taxonomy":"product_cat","embeddable":true,"href":"https:\/\/prettytrendshop.com\/index.php\/wp-json\/wp\/v2\/product_cat?post=1152"},{"taxonomy":"product_tag","embeddable":true,"href":"https:\/\/prettytrendshop.com\/index.php\/wp-json\/wp\/v2\/product_tag?post=1152"}],"curies":[{"name":"wp","href":"https:\/\/api.w.org\/{rel}","templated":true}]}}