{"id":1150,"date":"2025-05-03T22:24:05","date_gmt":"2025-05-03T22:24:05","guid":{"rendered":"https:\/\/prettytrendshop.com\/?post_type=product&#038;p=1150"},"modified":"2025-05-03T22:24:09","modified_gmt":"2025-05-03T22:24:09","slug":"parfum-n-118","status":"publish","type":"product","link":"https:\/\/prettytrendshop.com\/index.php\/produit\/parfum-n-118\/","title":{"rendered":"PARFUM N\u00b0 118"},"content":{"rendered":"<p>&nbsp;<\/p>\n<p>Un parfum lumineux, dense et intense : une harmonie sensuelle et magn\u00e9tique pour les amateurs desenteurs douces et enveloppantes. Il caresse la peau comme un souffle fleuri et ambr\u00e9 dans lequel sem\u00ealent des notes bois\u00e9es. Une alchimie po\u00e9tique o\u00f9 la note d\u00e9licate du Jasmin se m\u00eale aux nuancesmin\u00e9rales de l&rsquo;Ambre Gris et aux tonalit\u00e9s bois\u00e9es du C\u00e8dre fra\u00eechement coup\u00e9.<\/p>\n<p>FRAGRANCE : Un parfum sensuel et magn\u00e9tique, parfait pour les amateurs de senteurs douces et enveloppantes. Il se distingue par la richesse del&rsquo;ambre gris et la pr\u00e9ciosit\u00e9 du jasmin, des notes qui rendent ce parfum unique, sophistiqu\u00e9 et pr\u00e9cieux.<\/p>\n<p><strong>Pyramide olfactive:<\/strong><\/p>\n<p><strong>.\u00a0 \u00a0 \u00a0Notes de t\u00eate<\/strong>: Jasmin, Safran<\/p>\n<p><strong>.\u00a0 \u00a0 \u00a0Notes de c\u0153ur<\/strong>: Amberwood, Ambre gris<\/p>\n<p><strong>.\u00a0 \u00a0 \u00a0Notes de fond:<\/strong>\u00a0C\u00e8dre, Sapin.<\/p>\n<p>Mode d\u00b4emploi : Vaporisez une petite quantit\u00e9 de parfum directement sur la zone que vous pr\u00e9f\u00e9rez : sur le cou, derri\u00e8reles lobes des oreilles, sur la poitrine. Vous pouvez aussi vaporiser le parfum devant vous et vous immergerdans le nuage parfum\u00e9.<\/p>\n<p>Format : 50ml<\/p>\n","protected":false},"excerpt":{"rendered":"<p>&nbsp; Un parfum lumineux, dense et intense : une harmonie sensuelle et magn\u00e9tique pour les amateurs desenteurs douces et enveloppantes. Il caresse la peau comme un souffle fleuri et ambr\u00e9 dans lequel sem\u00ealent des notes bois\u00e9es. Une alchimie po\u00e9tique o\u00f9 la note d\u00e9licate du Jasmin se m\u00eale aux nuancesmin\u00e9rales de l&rsquo;Ambre Gris et aux tonalit\u00e9s &hellip; <\/p>\n<p class=\"link-more\"><a href=\"https:\/\/prettytrendshop.com\/index.php\/produit\/parfum-n-118\/\" class=\"more-link\">Continuer la lecture<span class=\"screen-reader-text\"> de &laquo;&nbsp;PARFUM N\u00b0 118&nbsp;&raquo;<\/span><\/a><\/p>\n","protected":false},"featured_media":1151,"comment_status":"open","ping_status":"closed","template":"","meta":[],"product_brand":[],"product_cat":[15],"product_tag":[],"class_list":{"0":"post-1150","1":"product","2":"type-product","3":"status-publish","4":"has-post-thumbnail","6":"product_cat-parfums","8":"first","9":"instock","10":"shipping-taxable","11":"purchasable","12":"product-type-simple"},"_links":{"self":[{"href":"https:\/\/prettytrendshop.com\/index.php\/wp-json\/wp\/v2\/product\/1150","targetHints":{"allow":["GET"]}}],"collection":[{"href":"https:\/\/prettytrendshop.com\/index.php\/wp-json\/wp\/v2\/product"}],"about":[{"href":"https:\/\/prettytrendshop.com\/index.php\/wp-json\/wp\/v2\/types\/product"}],"replies":[{"embeddable":true,"href":"https:\/\/prettytrendshop.com\/index.php\/wp-json\/wp\/v2\/comments?post=1150"}],"wp:featuredmedia":[{"embeddable":true,"href":"https:\/\/prettytrendshop.com\/index.php\/wp-json\/wp\/v2\/media\/1151"}],"wp:attachment":[{"href":"https:\/\/prettytrendshop.com\/index.php\/wp-json\/wp\/v2\/media?parent=1150"}],"wp:term":[{"taxonomy":"product_brand","embeddable":true,"href":"https:\/\/prettytrendshop.com\/index.php\/wp-json\/wp\/v2\/product_brand?post=1150"},{"taxonomy":"product_cat","embeddable":true,"href":"https:\/\/prettytrendshop.com\/index.php\/wp-json\/wp\/v2\/product_cat?post=1150"},{"taxonomy":"product_tag","embeddable":true,"href":"https:\/\/prettytrendshop.com\/index.php\/wp-json\/wp\/v2\/product_tag?post=1150"}],"curies":[{"name":"wp","href":"https:\/\/api.w.org\/{rel}","templated":true}]}}