{"id":1144,"date":"2025-05-03T21:23:44","date_gmt":"2025-05-03T21:23:44","guid":{"rendered":"https:\/\/prettytrendshop.com\/?post_type=product&#038;p=1144"},"modified":"2025-05-03T21:23:51","modified_gmt":"2025-05-03T21:23:51","slug":"parfum-n-061","status":"publish","type":"product","link":"https:\/\/prettytrendshop.com\/index.php\/produit\/parfum-n-061\/","title":{"rendered":"PARFUM N\u00b0 061"},"content":{"rendered":"<p>&nbsp;<\/p>\n<div class=\"page\" data-page-number=\"1\" data-loaded=\"true\">\n<div class=\"textLayer\">Un parfum frais, sensuel et sportif qui cherche \u00e0 incarner une vision moderne de la virilit\u00e9. Un choc de sensations contrast\u00e9es, o\u00f9l&rsquo;exaltation de la fra\u00eecheur des notes de t\u00eate s&rsquo;oppose \u00e0 la sensualit\u00e9 bois\u00e9e des notes de fond.<\/div>\n<\/div>\n<div class=\"textLayer\">\n<p><strong>Pyramide olfactive:<\/strong><\/p>\n<p><strong>.\u00a0 \u00a0 Notes de t\u00eate<\/strong>: Eau de mer, Mandarine, Pamplemousse<\/p>\n<p><strong>.\u00a0 \u00a0 Notes de c\u0153ur<\/strong>: Feuille de laurier, Jasmin<\/p>\n<p><strong>.\u00a0 \u00a0 Notes de fond:<\/strong>\u00a0Ambre gris, Ga\u00efac, Mousse de ch\u00eane, Patchouli<\/p>\n<p><strong>Mode d&#8217;emploi : <\/strong>Vaporisez une petite quantit\u00e9 de parfum directement sur la zone que vous pr\u00e9f\u00e9rez : sur le cou, le derri\u00e8redes oreilles, dans le creux de la poitrine. Ou vaporisez le parfum devant vous et immergez-vous dans lenuage parfum\u00e9<\/p>\n<p><strong>Ingr\u00e9dients (INCI) : <\/strong>Alcohol denat, parfum, benzyl salicylate, linalool, limonene, coumarin, citronellol, geraniol, alpha-isomethylionone, cinnamal, hydroxycitronellal, citral, benzyl alcohol, evernia prunastri extract, eugenol.<\/p>\n<\/div>\n<div class=\"page\" data-page-number=\"1\" data-loaded=\"true\">\n<div class=\"textLayer\"><strong>Format<\/strong>:\u00a0 70ml<\/div>\n<\/div>\n<div class=\"page\" data-page-number=\"2\" data-loaded=\"true\">\n<div class=\"canvasWrapper\"><\/div>\n<div class=\"textLayer\"><\/div>\n<\/div>\n","protected":false},"excerpt":{"rendered":"<p>&nbsp; Un parfum frais, sensuel et sportif qui cherche \u00e0 incarner une vision moderne de la virilit\u00e9. Un choc de sensations contrast\u00e9es, o\u00f9l&rsquo;exaltation de la fra\u00eecheur des notes de t\u00eate s&rsquo;oppose \u00e0 la sensualit\u00e9 bois\u00e9e des notes de fond. Pyramide olfactive: .\u00a0 \u00a0 Notes de t\u00eate: Eau de mer, Mandarine, Pamplemousse .\u00a0 \u00a0 Notes de &hellip; <\/p>\n<p class=\"link-more\"><a href=\"https:\/\/prettytrendshop.com\/index.php\/produit\/parfum-n-061\/\" class=\"more-link\">Continuer la lecture<span class=\"screen-reader-text\"> de &laquo;&nbsp;PARFUM N\u00b0 061&nbsp;&raquo;<\/span><\/a><\/p>\n","protected":false},"featured_media":1133,"comment_status":"open","ping_status":"closed","template":"","meta":[],"product_brand":[],"product_cat":[15],"product_tag":[],"class_list":{"0":"post-1144","1":"product","2":"type-product","3":"status-publish","4":"has-post-thumbnail","6":"product_cat-parfums","8":"first","9":"instock","10":"shipping-taxable","11":"purchasable","12":"product-type-simple"},"_links":{"self":[{"href":"https:\/\/prettytrendshop.com\/index.php\/wp-json\/wp\/v2\/product\/1144","targetHints":{"allow":["GET"]}}],"collection":[{"href":"https:\/\/prettytrendshop.com\/index.php\/wp-json\/wp\/v2\/product"}],"about":[{"href":"https:\/\/prettytrendshop.com\/index.php\/wp-json\/wp\/v2\/types\/product"}],"replies":[{"embeddable":true,"href":"https:\/\/prettytrendshop.com\/index.php\/wp-json\/wp\/v2\/comments?post=1144"}],"wp:featuredmedia":[{"embeddable":true,"href":"https:\/\/prettytrendshop.com\/index.php\/wp-json\/wp\/v2\/media\/1133"}],"wp:attachment":[{"href":"https:\/\/prettytrendshop.com\/index.php\/wp-json\/wp\/v2\/media?parent=1144"}],"wp:term":[{"taxonomy":"product_brand","embeddable":true,"href":"https:\/\/prettytrendshop.com\/index.php\/wp-json\/wp\/v2\/product_brand?post=1144"},{"taxonomy":"product_cat","embeddable":true,"href":"https:\/\/prettytrendshop.com\/index.php\/wp-json\/wp\/v2\/product_cat?post=1144"},{"taxonomy":"product_tag","embeddable":true,"href":"https:\/\/prettytrendshop.com\/index.php\/wp-json\/wp\/v2\/product_tag?post=1144"}],"curies":[{"name":"wp","href":"https:\/\/api.w.org\/{rel}","templated":true}]}}