{"id":1129,"date":"2025-05-03T18:55:46","date_gmt":"2025-05-03T18:55:46","guid":{"rendered":"https:\/\/prettytrendshop.com\/?post_type=product&#038;p=1129"},"modified":"2025-05-04T19:08:06","modified_gmt":"2025-05-04T19:08:06","slug":"parfum-n-19","status":"publish","type":"product","link":"https:\/\/prettytrendshop.com\/index.php\/produit\/parfum-n-19\/","title":{"rendered":"PARFUM N\u00b0 019"},"content":{"rendered":"<p>&nbsp;<\/p>\n<div class=\"page\" data-page-number=\"1\" data-loaded=\"true\">\n<div class=\"textLayer\">Un parfum exub\u00e9rant et sensuel, qui commence par la fra\u00eecheur du N\u00e9roli et se m\u00eale \u00e0 l&rsquo;intensit\u00e9 du Citron d&rsquo;Amalfi, anim\u00e9 par unetouche p\u00e9tillante de Framboise. Les notes de c\u0153ur sont un triomphe floral de fleur d&rsquo;oranger, de jasmin et de gard\u00e9nia. En fond, lesnotes de patchouli se diluent dans la douceur du miel et de l&rsquo;ambre.<\/div>\n<div><\/div>\n<div class=\"textLayer\">Un parfum d\u00e9sarmant. Une beaut\u00e9 audacieuse qui vit dans le style. Elle ne poursuit que les d\u00e9sirs de son c\u0153ur. Elle obtient ce qu&rsquo;elle veut en claquant des doigts. Un parfum qui cr\u00e9e presque une d\u00e9pendance<\/div>\n<\/div>\n<div><\/div>\n<div>\n<p><strong>Pyramide olfactive:<\/strong><\/p>\n<ul>\n<li><strong>Notes de t\u00eate :<\/strong>\u00a0Citron, Framboise, N\u00e9roli<\/li>\n<li><strong>Notes de c\u0153ur : <\/strong>Fleur d&rsquo;oranger, Gard\u00e9nia, Jasmin<\/li>\n<li><strong>Notes de fond : <\/strong>Ambre, Miel, Patchouli<\/li>\n<\/ul>\n<\/div>\n<div class=\"page\" data-page-number=\"1\" data-loaded=\"true\">\n<div class=\"textLayer\">Mode d\u00b4emploi : Vaporiser une petite quantit\u00e9 de parfum directement sur la zone que vous pr\u00e9f\u00e9rez : sur la nuque, derri\u00e8re les lobes d&rsquo;oreille, dans le creux de la poitrine. Ou bien vaporiser le parfum devant vous et vous immerger dans le nuage parfum\u00e9.<\/div>\n<div><\/div>\n<div class=\"textLayer\">Ingredients (INCI) : Alcohol denat, parfum, limonene, alpha-isomethyl ionone,\u00a0 citrus alpha-isometyl ionone, vanillin, coumarin, cinnamal, linalool, linalylacetate, hydroxycitronellal, eugenol, isogeugnol, citral.<\/div>\n<div><\/div>\n<\/div>\n<div>Format : 70ml<\/div>\n<div class=\"page\" data-page-number=\"2\" data-loaded=\"true\">\n<div class=\"canvasWrapper\"><\/div>\n<div class=\"textLayer\"><\/div>\n<\/div>\n","protected":false},"excerpt":{"rendered":"<p>&nbsp; Un parfum exub\u00e9rant et sensuel, qui commence par la fra\u00eecheur du N\u00e9roli et se m\u00eale \u00e0 l&rsquo;intensit\u00e9 du Citron d&rsquo;Amalfi, anim\u00e9 par unetouche p\u00e9tillante de Framboise. Les notes de c\u0153ur sont un triomphe floral de fleur d&rsquo;oranger, de jasmin et de gard\u00e9nia. En fond, lesnotes de patchouli se diluent dans la douceur du miel &hellip; <\/p>\n<p class=\"link-more\"><a href=\"https:\/\/prettytrendshop.com\/index.php\/produit\/parfum-n-19\/\" class=\"more-link\">Continuer la lecture<span class=\"screen-reader-text\"> de &laquo;&nbsp;PARFUM N\u00b0 019&nbsp;&raquo;<\/span><\/a><\/p>\n","protected":false},"featured_media":1130,"comment_status":"open","ping_status":"closed","template":"","meta":[],"product_brand":[],"product_cat":[15],"product_tag":[],"class_list":{"0":"post-1129","1":"product","2":"type-product","3":"status-publish","4":"has-post-thumbnail","6":"product_cat-parfums","8":"first","9":"instock","10":"shipping-taxable","11":"purchasable","12":"product-type-simple"},"_links":{"self":[{"href":"https:\/\/prettytrendshop.com\/index.php\/wp-json\/wp\/v2\/product\/1129","targetHints":{"allow":["GET"]}}],"collection":[{"href":"https:\/\/prettytrendshop.com\/index.php\/wp-json\/wp\/v2\/product"}],"about":[{"href":"https:\/\/prettytrendshop.com\/index.php\/wp-json\/wp\/v2\/types\/product"}],"replies":[{"embeddable":true,"href":"https:\/\/prettytrendshop.com\/index.php\/wp-json\/wp\/v2\/comments?post=1129"}],"wp:featuredmedia":[{"embeddable":true,"href":"https:\/\/prettytrendshop.com\/index.php\/wp-json\/wp\/v2\/media\/1130"}],"wp:attachment":[{"href":"https:\/\/prettytrendshop.com\/index.php\/wp-json\/wp\/v2\/media?parent=1129"}],"wp:term":[{"taxonomy":"product_brand","embeddable":true,"href":"https:\/\/prettytrendshop.com\/index.php\/wp-json\/wp\/v2\/product_brand?post=1129"},{"taxonomy":"product_cat","embeddable":true,"href":"https:\/\/prettytrendshop.com\/index.php\/wp-json\/wp\/v2\/product_cat?post=1129"},{"taxonomy":"product_tag","embeddable":true,"href":"https:\/\/prettytrendshop.com\/index.php\/wp-json\/wp\/v2\/product_tag?post=1129"}],"curies":[{"name":"wp","href":"https:\/\/api.w.org\/{rel}","templated":true}]}}