{"id":1044,"date":"2025-04-28T17:46:00","date_gmt":"2025-04-28T17:46:00","guid":{"rendered":"https:\/\/prettytrendshop.com\/?post_type=product&#038;p=1044"},"modified":"2025-05-05T11:35:37","modified_gmt":"2025-05-05T11:35:37","slug":"routine-minimale-pour-peau-seche","status":"publish","type":"product","link":"https:\/\/prettytrendshop.com\/index.php\/produit\/routine-minimale-pour-peau-seche\/","title":{"rendered":"ROUTINE  MINIMALE  POUR  PEAU  S\u00c8CHE"},"content":{"rendered":"<p>&nbsp;<\/p>\n<p>KIT Minimaliste pour Peaux S\u00e8che<\/p>\n<p>D\u00e9couvrez notre Kit Routine Minimaliste pour Peau S\u00e8che, essentiellement pour offrir une hydratation optimale et une protection compl\u00e8te en seulement trois \u00e9tapes simples. Ce kit comprend un gel nettoyant doux, une cr\u00e8me hydratante nourrissante et une cr\u00e8me solaire protectrice, tout ce dont votre peau a besoin pour rester \u00e9clatante, souple et prot\u00e9g\u00e9e au quotidien.<\/p>\n<p>1. LE GEL NETTOYANT : Il est sp\u00e9cialis\u00e9 pour les peaux s\u00e8ches. Il est riche en Acide Hyaluronique qui hydrate la peau en profondeur, et en extraits de bave d\u00b4escargot pour ses propri\u00e9t\u00e9s r\u00e9g\u00e9n\u00e9rantes, il \u00e9limine des impurit\u00e9s et des traces de maquillage tout en laissant de la fra\u00eecheur sans la dess\u00e9cher.<\/p>\n<p>Format: 260ml<\/p>\n<p>2. LA CREME HYDRATANTE RICHE : La Cr\u00e8me visage au collagene AURODHEA gr\u00e2ce au collage, \u00e0 l\u00b4acide hyaluronique, \u00e0 l\u00b4huile de raisin, \u00e0 l\u00b4 huile de karit\u00e9, \u00e0 l\u00b4huile d\u00b4argan et \u00e1 la vitamine C, elle rend la peau du visage plus \u00e9lastique, hydrat\u00e9e, \u00e9clatante, lutte contre les rides, les signes de vieillissement, ralentit des lignes d\u00b4expression. Elle procure une hydratation intense et durable tout au long de la journ\u00e9e, la peau est douce, souple et prot\u00e9g\u00e9e des agressions exterieures.<\/p>\n<p>Format: 50ml<\/p>\n<p>3. LA CREME SOLAIRE PTOTECTRICE : Finissez votre routine toujours avec une cr\u00e8me solaire pour prot\u00e9ger votre peau des dommages caus\u00e9s par UV. Sa formule hydratante et l\u00e9g\u00e8re offre une protection \u00e0 large spectre tout en pr\u00e9servant l&rsquo;hydratation de votre peau. Id\u00e9ale pour une utilisation quotidienne, elle laisse un fini non gras et confortable.<\/p>\n<p>Format: 150ml<\/p>\n<p>Selon votre type de peau, il est important de choisir une routine.<br \/>\nune gamme de routines peau s\u00e8che apporte:<br \/>\n. une hydratation en profondeur. chaque produit est formul\u00e9 a base d\u00b4Acide hyaluronique pour une hydratation optimale.<br \/>\n. Ingredients r\u00e9g\u00e9n\u00e9rants et protecteurs:<br \/>\nEnrichie en bave d\u00b4escargot pour ses propr\u00ed\u00e9t\u00e9s r\u00e9g\u00e9n\u00e9rants et en vitamine E pour les effets antioxydants.<\/p>\n<p>. Une routine compl\u00e8te :<br \/>\nune approche holistique pour une peau \u00e9clatante, douce et prot\u00e9g\u00e9e.<\/p>\n<p>Faites confiance \u00e0 notre gamme de routines peaux s\u00e8che et d\u00e9couvrez le secret d\u00b4une peau intens\u00e9ment hydrat\u00e9e et \u00e9clatante jour apres jour.<\/p>\n<p>Code: BV12B, CR05B, SOL02<\/p>\n","protected":false},"excerpt":{"rendered":"<p>&nbsp; KIT Minimaliste pour Peaux S\u00e8che D\u00e9couvrez notre Kit Routine Minimaliste pour Peau S\u00e8che, essentiellement pour offrir une hydratation optimale et une protection compl\u00e8te en seulement trois \u00e9tapes simples. Ce kit comprend un gel nettoyant doux, une cr\u00e8me hydratante nourrissante et une cr\u00e8me solaire protectrice, tout ce dont votre peau a besoin pour rester \u00e9clatante, &hellip; <\/p>\n<p class=\"link-more\"><a href=\"https:\/\/prettytrendshop.com\/index.php\/produit\/routine-minimale-pour-peau-seche\/\" class=\"more-link\">Continuer la lecture<span class=\"screen-reader-text\"> de &laquo;&nbsp;ROUTINE  MINIMALE  POUR  PEAU  S\u00c8CHE&nbsp;&raquo;<\/span><\/a><\/p>\n","protected":false},"featured_media":1045,"comment_status":"open","ping_status":"closed","template":"","meta":[],"product_brand":[],"product_cat":[107],"product_tag":[],"class_list":{"0":"post-1044","1":"product","2":"type-product","3":"status-publish","4":"has-post-thumbnail","6":"product_cat-produits-cosmetiques","8":"first","9":"instock","10":"shipping-taxable","11":"purchasable","12":"product-type-simple"},"_links":{"self":[{"href":"https:\/\/prettytrendshop.com\/index.php\/wp-json\/wp\/v2\/product\/1044","targetHints":{"allow":["GET"]}}],"collection":[{"href":"https:\/\/prettytrendshop.com\/index.php\/wp-json\/wp\/v2\/product"}],"about":[{"href":"https:\/\/prettytrendshop.com\/index.php\/wp-json\/wp\/v2\/types\/product"}],"replies":[{"embeddable":true,"href":"https:\/\/prettytrendshop.com\/index.php\/wp-json\/wp\/v2\/comments?post=1044"}],"wp:featuredmedia":[{"embeddable":true,"href":"https:\/\/prettytrendshop.com\/index.php\/wp-json\/wp\/v2\/media\/1045"}],"wp:attachment":[{"href":"https:\/\/prettytrendshop.com\/index.php\/wp-json\/wp\/v2\/media?parent=1044"}],"wp:term":[{"taxonomy":"product_brand","embeddable":true,"href":"https:\/\/prettytrendshop.com\/index.php\/wp-json\/wp\/v2\/product_brand?post=1044"},{"taxonomy":"product_cat","embeddable":true,"href":"https:\/\/prettytrendshop.com\/index.php\/wp-json\/wp\/v2\/product_cat?post=1044"},{"taxonomy":"product_tag","embeddable":true,"href":"https:\/\/prettytrendshop.com\/index.php\/wp-json\/wp\/v2\/product_tag?post=1044"}],"curies":[{"name":"wp","href":"https:\/\/api.w.org\/{rel}","templated":true}]}}