{"id":1042,"date":"2025-04-28T17:36:07","date_gmt":"2025-04-28T17:36:07","guid":{"rendered":"https:\/\/prettytrendshop.com\/?post_type=product&#038;p=1042"},"modified":"2025-05-05T11:36:49","modified_gmt":"2025-05-05T11:36:49","slug":"routine-minimale-pour-peaux-grasses","status":"publish","type":"product","link":"https:\/\/prettytrendshop.com\/index.php\/produit\/routine-minimale-pour-peaux-grasses\/","title":{"rendered":"ROUTINE MINIMALE POUR  PEAUX  GRASSES"},"content":{"rendered":"<p>ROUTINE MINIMALISTE POUR PEAUX GRASSES<\/p>\n<p>Prenez soin de votre peau sans superflu avec cette routine simple et efficace, pens\u00e9e pour r\u00e9\u00e9quilibrer les peaux sujettes aux brillances et aux imperfections.<\/p>\n<p>Con\u00e7u pour r\u00e9guler l&rsquo;exc\u00e8s de s\u00e9bum, purifier le teint et restaurer l&rsquo;\u00e9clat naturel de votre peau, ce kit complet se compose de trois essentiels pour une routine du matin ou du soir \u00e0 la fois douce et performante.<\/p>\n<p>1. Gel Nettoyant Purifiant Doux<br \/>\nUn nettoyant purifiant mais non agressif qui \u00e9limine les impuret\u00e9s, l\u2019exc\u00e8s de s\u00e9bum et les r\u00e9sidus de pollution tout en respectant l\u2019\u00e9quilibre de la peau.<br \/>\nR\u00e9sultat : une peau propre, fra\u00eeche, sans tiraillements.<br \/>\nFormat: 260ml<\/p>\n<p>2. Cr\u00e8me Hydratante Nourrissante<br \/>\nFormul\u00e9e pour hydrater sans alourdir, elle nourrit la peau en profondeur tout en r\u00e9gulant la production de s\u00e9bum. Enrichie en acide hyaluronique pour une hydratation optimale, en neem et niacinamide pour une action clarifiante et en extraits de plantes pour une action apaisante, elle contr\u00f4le la brillance tout au long de la journ\u00e9e, laissant votre peau douce, mate et prot\u00e9g\u00e9e contre les agressions ext\u00e9rieures.<br \/>\nR\u00e9sultat : une peau souple, apais\u00e9e et parfaitement \u00e9quilibr\u00e9e.<br \/>\nFormat: 50ml<\/p>\n<p>3. Cr\u00e8me Solaire Protectrice<br \/>\nUne protection solaire l\u00e9g\u00e8re mais efficace qui pr\u00e9serve votre peau des agressions ext\u00e9rieures (UV, pollution) sans obstruer les pores.<br \/>\nR\u00e9sultat : une peau prot\u00e9g\u00e9e, unifi\u00e9e et \u00e9clatante jour apr\u00e8s jour.<br \/>\nFormat: 150ml<\/p>\n<p>N\u00b0 CR11B, NM06B, SOL02<\/p>\n","protected":false},"excerpt":{"rendered":"<p>ROUTINE MINIMALISTE POUR PEAUX GRASSES Prenez soin de votre peau sans superflu avec cette routine simple et efficace, pens\u00e9e pour r\u00e9\u00e9quilibrer les peaux sujettes aux brillances et aux imperfections. Con\u00e7u pour r\u00e9guler l&rsquo;exc\u00e8s de s\u00e9bum, purifier le teint et restaurer l&rsquo;\u00e9clat naturel de votre peau, ce kit complet se compose de trois essentiels pour une &hellip; <\/p>\n<p class=\"link-more\"><a href=\"https:\/\/prettytrendshop.com\/index.php\/produit\/routine-minimale-pour-peaux-grasses\/\" class=\"more-link\">Continuer la lecture<span class=\"screen-reader-text\"> de &laquo;&nbsp;ROUTINE MINIMALE POUR  PEAUX  GRASSES&nbsp;&raquo;<\/span><\/a><\/p>\n","protected":false},"featured_media":1043,"comment_status":"open","ping_status":"closed","template":"","meta":[],"product_brand":[],"product_cat":[107],"product_tag":[],"class_list":{"0":"post-1042","1":"product","2":"type-product","3":"status-publish","4":"has-post-thumbnail","6":"product_cat-produits-cosmetiques","8":"first","9":"instock","10":"shipping-taxable","11":"purchasable","12":"product-type-simple"},"_links":{"self":[{"href":"https:\/\/prettytrendshop.com\/index.php\/wp-json\/wp\/v2\/product\/1042","targetHints":{"allow":["GET"]}}],"collection":[{"href":"https:\/\/prettytrendshop.com\/index.php\/wp-json\/wp\/v2\/product"}],"about":[{"href":"https:\/\/prettytrendshop.com\/index.php\/wp-json\/wp\/v2\/types\/product"}],"replies":[{"embeddable":true,"href":"https:\/\/prettytrendshop.com\/index.php\/wp-json\/wp\/v2\/comments?post=1042"}],"wp:featuredmedia":[{"embeddable":true,"href":"https:\/\/prettytrendshop.com\/index.php\/wp-json\/wp\/v2\/media\/1043"}],"wp:attachment":[{"href":"https:\/\/prettytrendshop.com\/index.php\/wp-json\/wp\/v2\/media?parent=1042"}],"wp:term":[{"taxonomy":"product_brand","embeddable":true,"href":"https:\/\/prettytrendshop.com\/index.php\/wp-json\/wp\/v2\/product_brand?post=1042"},{"taxonomy":"product_cat","embeddable":true,"href":"https:\/\/prettytrendshop.com\/index.php\/wp-json\/wp\/v2\/product_cat?post=1042"},{"taxonomy":"product_tag","embeddable":true,"href":"https:\/\/prettytrendshop.com\/index.php\/wp-json\/wp\/v2\/product_tag?post=1042"}],"curies":[{"name":"wp","href":"https:\/\/api.w.org\/{rel}","templated":true}]}}