{"id":1005,"date":"2025-04-20T18:31:12","date_gmt":"2025-04-20T18:31:12","guid":{"rendered":"https:\/\/prettytrendshop.com\/?post_type=product&#038;p=1005"},"modified":"2025-04-28T16:42:36","modified_gmt":"2025-04-28T16:42:36","slug":"spray-solaire-spf-30","status":"publish","type":"product","link":"https:\/\/prettytrendshop.com\/index.php\/produit\/spray-solaire-spf-30\/","title":{"rendered":"SPRAY SOLAIRE SPF 30"},"content":{"rendered":"<p><img fetchpriority=\"high\" decoding=\"async\" class=\"alignnone size-medium wp-image-1003\" src=\"https:\/\/prettytrendshop.com\/wp-content\/uploads\/2025\/04\/1744227753981-232x300.jpg\" alt=\"\" width=\"232\" height=\"300\" srcset=\"https:\/\/prettytrendshop.com\/wp-content\/uploads\/2025\/04\/1744227753981-232x300.jpg 232w, https:\/\/prettytrendshop.com\/wp-content\/uploads\/2025\/04\/1744227753981-350x453.jpg 350w, https:\/\/prettytrendshop.com\/wp-content\/uploads\/2025\/04\/1744227753981.jpg 702w\" sizes=\"(max-width: 232px) 100vw, 232px\" \/>SPRAY SOLAIRE SPF 30<\/p>\n<p>Le Spray solaire SPF 30 Aurodhea offre une protection moyenne-haute \u00e0 large spectre, prot\u00e9geant \u00e0 la fois des rayons UVA et UVB. Contient de l&rsquo;extrait d&rsquo;hamam\u00e9lis, un ingr\u00e9dient utile contre les coups de soleil. Enrichi en vitamine E, ce produit exerce une action antioxydante et prot\u00e8ge contre les dommages du photovieillissement, en pr\u00e9venant la formation de rides, de taches et de dyschromies diffuses.<\/p>\n<p>Enrichi en Aloe Vera et en Panth\u00e9nol, il laisse la peau douce et hydrat\u00e9e. Sa texture fluide et l\u00e9g\u00e8re s&rsquo;applique facilement gr\u00e2ce au vaporisateur spray. R\u00e9sistant \u00e0 l&rsquo;eau, sa formule ne laisse pas de traces et ne contient pas d&rsquo;alcool.<\/p>\n<p>Format: 150mL<\/p>\n<p>N\u00b0 SOL01B<\/p>\n","protected":false},"excerpt":{"rendered":"<p>SPRAY SOLAIRE SPF 30 Le Spray solaire SPF 30 Aurodhea offre une protection moyenne-haute \u00e0 large spectre, prot\u00e9geant \u00e0 la fois des rayons UVA et UVB. Contient de l&rsquo;extrait d&rsquo;hamam\u00e9lis, un ingr\u00e9dient utile contre les coups de soleil. Enrichi en vitamine E, ce produit exerce une action antioxydante et prot\u00e8ge contre les dommages du photovieillissement, &hellip; <\/p>\n<p class=\"link-more\"><a href=\"https:\/\/prettytrendshop.com\/index.php\/produit\/spray-solaire-spf-30\/\" class=\"more-link\">Continuer la lecture<span class=\"screen-reader-text\"> de &laquo;&nbsp;SPRAY SOLAIRE SPF 30&nbsp;&raquo;<\/span><\/a><\/p>\n","protected":false},"featured_media":1003,"comment_status":"open","ping_status":"closed","template":"","meta":[],"product_brand":[],"product_cat":[110],"product_tag":[],"class_list":{"0":"post-1005","1":"product","2":"type-product","3":"status-publish","4":"has-post-thumbnail","6":"product_cat-produits-solaires","8":"first","9":"instock","10":"shipping-taxable","11":"purchasable","12":"product-type-simple"},"_links":{"self":[{"href":"https:\/\/prettytrendshop.com\/index.php\/wp-json\/wp\/v2\/product\/1005","targetHints":{"allow":["GET"]}}],"collection":[{"href":"https:\/\/prettytrendshop.com\/index.php\/wp-json\/wp\/v2\/product"}],"about":[{"href":"https:\/\/prettytrendshop.com\/index.php\/wp-json\/wp\/v2\/types\/product"}],"replies":[{"embeddable":true,"href":"https:\/\/prettytrendshop.com\/index.php\/wp-json\/wp\/v2\/comments?post=1005"}],"wp:featuredmedia":[{"embeddable":true,"href":"https:\/\/prettytrendshop.com\/index.php\/wp-json\/wp\/v2\/media\/1003"}],"wp:attachment":[{"href":"https:\/\/prettytrendshop.com\/index.php\/wp-json\/wp\/v2\/media?parent=1005"}],"wp:term":[{"taxonomy":"product_brand","embeddable":true,"href":"https:\/\/prettytrendshop.com\/index.php\/wp-json\/wp\/v2\/product_brand?post=1005"},{"taxonomy":"product_cat","embeddable":true,"href":"https:\/\/prettytrendshop.com\/index.php\/wp-json\/wp\/v2\/product_cat?post=1005"},{"taxonomy":"product_tag","embeddable":true,"href":"https:\/\/prettytrendshop.com\/index.php\/wp-json\/wp\/v2\/product_tag?post=1005"}],"curies":[{"name":"wp","href":"https:\/\/api.w.org\/{rel}","templated":true}]}}